{"id":144,"date":"2025-06-16T15:14:01","date_gmt":"2025-06-16T13:14:01","guid":{"rendered":"https:\/\/syndicataubracducantal.fr\/?page_id=144"},"modified":"2025-06-16T15:55:20","modified_gmt":"2025-06-16T13:55:20","slug":"espace-adherents","status":"publish","type":"page","link":"https:\/\/syndicataubracducantal.fr\/index.php\/espace-adherents\/","title":{"rendered":"Espace adh\u00e9rents"},"content":{"rendered":"\t\t<div data-elementor-type=\"wp-page\" data-elementor-id=\"144\" class=\"elementor elementor-144\">\n\t\t\t\t<div class=\"elementor-element elementor-element-f0c30fe e-flex e-con-boxed e-con e-parent\" data-id=\"f0c30fe\" data-element_type=\"container\">\n\t\t\t\t\t<div class=\"e-con-inner\">\n\t\t\t\t<div class=\"elementor-element elementor-element-1526ad5 elementor-widget elementor-widget-text-editor\" data-id=\"1526ad5\" data-element_type=\"widget\" data-widget_type=\"text-editor.default\">\n\t\t\t\t<div class=\"elementor-widget-container\">\n\t\t\t\t\t\t\t\t\t<p>Se connecter<\/p>\t\t\t\t\t\t\t\t<\/div>\n\t\t\t\t<\/div>\n\t\t<div class=\"elementor-element elementor-element-274a66f e-grid e-con-full e-con e-child\" data-id=\"274a66f\" data-element_type=\"container\">\n\t\t\t\t<div class=\"elementor-element elementor-element-604df54 elementor-widget elementor-widget-shortcode\" data-id=\"604df54\" data-element_type=\"widget\" data-widget_type=\"shortcode.default\">\n\t\t\t\t<div class=\"elementor-widget-container\">\n\t\t\t\t\t\t\t<div class=\"elementor-shortcode\">\n<div class=\"um um-login um-129\">\n\t<div class=\"um-form\">\n\t\t<form method=\"post\" action=\"\" autocomplete=\"off\">\n\t\t\t<div class=\"um-row _um_row_1 \" style=\"margin: 0 0 30px 0;\"><div class=\"um-col-1\"><div  id=\"um_field_129_username\" class=\"um-field um-field-text  um-field-username um-field-text um-field-type_text\" data-key=\"username\"><div class=\"um-field-label\"><label for=\"username-129\">Identifiant ou e-mail<span class=\"um-req\" title=\"Obligatoire\">*<\/span><\/label><div class=\"um-clear\"><\/div><\/div><div class=\"um-field-area\"><input  autocomplete=\"off\" class=\"um-form-field valid \" type=\"text\" name=\"username-129\" id=\"username-129\" value=\"\" placeholder=\"\" data-validate=\"unique_username_or_email\" data-key=\"username\"  aria-invalid=\"false\" \/>\n\n\t\t\t\t\t\t<\/div><\/div><div  id=\"um_field_129_user_password\" class=\"um-field um-field-password  um-field-user_password um-field-password um-field-type_password\" data-key=\"user_password\"><div class=\"um-field-label\"><label for=\"user_password-129\">Mot de passe<span class=\"um-req\" title=\"Obligatoire\">*<\/span><\/label><div class=\"um-clear\"><\/div><\/div><div class=\"um-field-area\"><div class=\"um-field-area-password\">\n\t\t\t\t\t\t\t\t\t<input class=\"um-form-field valid \" type=\"password\" name=\"user_password-129\" id=\"user_password-129\" value=\"\" placeholder=\"\" data-validate=\"\" data-key=\"user_password\"  aria-invalid=\"false\" \/>\n\t\t\t\t\t\t\t\t\t<span class=\"um-toggle-password\"><i class=\"um-icon-eye\"><\/i><\/span>\n\t\t\t\t\t\t\t\t<\/div>\n\t\t\t\t\t\t\t<\/div><\/div><\/div><\/div>\t<input type=\"hidden\" name=\"form_id\" id=\"form_id_129\" value=\"129\" \/>\n\t\t<p class=\"um_request_name\">\n\t\t<label for=\"um_request_129\">Only fill in if you are not human<\/label>\n\t\t<input type=\"hidden\" name=\"um_request\" id=\"um_request_129\" class=\"input\" value=\"\" size=\"25\" autocomplete=\"off\" \/>\n\t<\/p>\n\t<input type=\"hidden\" id=\"_wpnonce\" name=\"_wpnonce\" value=\"d7297b2666\" \/><input type=\"hidden\" name=\"_wp_http_referer\" value=\"\/index.php\/wp-json\/wp\/v2\/pages\/144\" \/>\n\t<div class=\"um-col-alt\">\n\n\t\t\n\n\t\t\t<div class=\"um-field um-field-c\">\n\t\t\t\t<div class=\"um-field-area\">\n\t\t\t\t\t<label class=\"um-field-checkbox\">\n\t\t\t\t\t\t<input type=\"checkbox\" name=\"rememberme\" value=\"1\"  \/>\n\t\t\t\t\t\t<span class=\"um-field-checkbox-state\"><i class=\"um-icon-android-checkbox-outline-blank\"><\/i><\/span>\n\t\t\t\t\t\t<span class=\"um-field-checkbox-option\"> Se souvenir de moi<\/span>\n\t\t\t\t\t<\/label>\n\t\t\t\t<\/div>\n\t\t\t<\/div>\n\n\t\t\t\t\t\t<div class=\"um-clear\"><\/div>\n\t\t\n\t\t\t<div class=\"um-left um-half\">\n\t\t\t\t<input type=\"submit\" value=\"Connexion\" class=\"um-button\" id=\"um-submit-btn\" \/>\n\t\t\t<\/div>\n\t\t\t<div class=\"um-right um-half\">\n\t\t\t\t<a href=\"https:\/\/syndicataubracducantal.fr\/index.php\/register\/\" class=\"um-button um-alt\">\n\t\t\t\t\tS\u2019inscrire\t\t\t\t<\/a>\n\t\t\t<\/div>\n\n\t\t\n\t\t<div class=\"um-clear\"><\/div>\n\n\t<\/div>\n\n\t\n\t<div class=\"um-col-alt-b\">\n\t\t<a href=\"https:\/\/syndicataubracducantal.fr\/index.php\/password-reset\/\" class=\"um-link-alt\">\n\t\t\tMot de passe oubli\u00e9\u00a0?\t\t<\/a>\n\t<\/div>\n\n\t\t\t<\/form>\n\t<\/div>\n<\/div>\n<style>\n\t\t\t.um-129.um {\n\t\t\tmax-width: 450px;\n\t\t}\n\t\t<\/style>\n<\/div>\n\t\t\t\t\t\t<\/div>\n\t\t\t\t<\/div>\n\t\t\t\t<\/div>\n\t\t\t\t\t<\/div>\n\t\t\t\t<\/div>\n\t\t<div class=\"elementor-element elementor-element-7291767 e-flex e-con-boxed e-con e-parent\" data-id=\"7291767\" data-element_type=\"container\">\n\t\t\t\t\t<div class=\"e-con-inner\">\n\t\t\t\t<div class=\"elementor-element elementor-element-1a1de47 elementor-widget elementor-widget-spacer\" data-id=\"1a1de47\" data-element_type=\"widget\" data-widget_type=\"spacer.default\">\n\t\t\t\t<div class=\"elementor-widget-container\">\n\t\t\t\t\t\t\t<div class=\"elementor-spacer\">\n\t\t\t<div class=\"elementor-spacer-inner\"><\/div>\n\t\t<\/div>\n\t\t\t\t\t\t<\/div>\n\t\t\t\t<\/div>\n\t\t\t\t\t<\/div>\n\t\t\t\t<\/div>\n\t\t<div class=\"elementor-element elementor-element-43b986c e-flex e-con-boxed e-con e-parent\" data-id=\"43b986c\" data-element_type=\"container\">\n\t\t\t\t\t<div class=\"e-con-inner\">\n\t\t\t\t<div class=\"elementor-element elementor-element-af9623e elementor-widget elementor-widget-text-editor\" data-id=\"af9623e\" data-element_type=\"widget\" data-widget_type=\"text-editor.default\">\n\t\t\t\t<div class=\"elementor-widget-container\">\n\t\t\t\t\t\t\t\t\t<p>Cr\u00e9er son compte adh\u00e9rents<\/p>\t\t\t\t\t\t\t\t<\/div>\n\t\t\t\t<\/div>\n\t\t<div class=\"elementor-element elementor-element-0d0d9ca e-grid e-con-full e-con e-child\" data-id=\"0d0d9ca\" data-element_type=\"container\">\n\t\t\t\t<div class=\"elementor-element elementor-element-7c6425f elementor-widget elementor-widget-shortcode\" data-id=\"7c6425f\" data-element_type=\"widget\" data-widget_type=\"shortcode.default\">\n\t\t\t\t<div class=\"elementor-widget-container\">\n\t\t\t\t\t\t\t<div class=\"elementor-shortcode\">\n<div class=\"um um-register um-128\">\n\t<div class=\"um-form\" data-mode=\"register\">\n\t\t<form method=\"post\" action=\"\">\n\t\t\t<div class=\"um-row _um_row_1 \" style=\"margin: 0 0 30px 0;\"><div class=\"um-col-1\"><div  id=\"um_field_128_user_login\" class=\"um-field um-field-text  um-field-user_login um-field-text um-field-type_text\" data-key=\"user_login\"><div class=\"um-field-label\"><label for=\"user_login-128\">Nom de votre exploitation<span class=\"um-req\" title=\"Obligatoire\">*<\/span><\/label><div class=\"um-clear\"><\/div><\/div><div class=\"um-field-area\"><input  autocomplete=\"off\" class=\"um-form-field valid \" type=\"text\" name=\"user_login-128\" id=\"user_login-128\" value=\"\" placeholder=\"\" data-validate=\"unique_username\" data-key=\"user_login\"  aria-invalid=\"false\" \/>\n\n\t\t\t\t\t\t<\/div><\/div><div  id=\"um_field_128_first_name\" class=\"um-field um-field-text  um-field-first_name um-field-text um-field-type_text\" data-key=\"first_name\"><div class=\"um-field-label\"><label for=\"first_name-128\">Pr\u00e9nom<\/label><div class=\"um-clear\"><\/div><\/div><div class=\"um-field-area\"><input  autocomplete=\"off\" class=\"um-form-field valid \" type=\"text\" name=\"first_name-128\" id=\"first_name-128\" value=\"\" placeholder=\"\" data-validate=\"\" data-key=\"first_name\"  aria-invalid=\"false\" \/>\n\n\t\t\t\t\t\t<\/div><\/div><div  id=\"um_field_128_last_name\" class=\"um-field um-field-text  um-field-last_name um-field-text um-field-type_text\" data-key=\"last_name\"><div class=\"um-field-label\"><label for=\"last_name-128\">Nom<\/label><div class=\"um-clear\"><\/div><\/div><div class=\"um-field-area\"><input  autocomplete=\"off\" class=\"um-form-field valid \" type=\"text\" name=\"last_name-128\" id=\"last_name-128\" value=\"\" placeholder=\"\" data-validate=\"\" data-key=\"last_name\"  aria-invalid=\"false\" \/>\n\n\t\t\t\t\t\t<\/div><\/div><div  id=\"um_field_128_numero_cheptel\" class=\"um-field um-field-text  um-field-numero_cheptel um-field-text um-field-type_text\" data-key=\"numero_cheptel\"><div class=\"um-field-label\"><label for=\"numero_cheptel-128\">Num\u00e9ro de cheptel<span class=\"um-req\" title=\"Obligatoire\">*<\/span><\/label><div class=\"um-clear\"><\/div><\/div><div class=\"um-field-area\"><input  autocomplete=\"off\" class=\"um-form-field valid \" type=\"text\" name=\"numero_cheptel-128\" id=\"numero_cheptel-128\" value=\"\" placeholder=\"\" data-validate=\"\" data-key=\"numero_cheptel\"  aria-invalid=\"false\" \/>\n\n\t\t\t\t\t\t<\/div><\/div><div  id=\"um_field_128_user_email\" class=\"um-field um-field-text  um-field-user_email um-field-text um-field-type_text\" data-key=\"user_email\"><div class=\"um-field-label\"><label for=\"user_email-128\">Adresse e-mail<\/label><div class=\"um-clear\"><\/div><\/div><div class=\"um-field-area\"><input  autocomplete=\"off\" class=\"um-form-field valid \" type=\"text\" name=\"user_email-128\" id=\"user_email-128\" value=\"\" placeholder=\"\" data-validate=\"unique_email\" data-key=\"user_email\"  aria-invalid=\"false\" \/>\n\n\t\t\t\t\t\t<\/div><\/div><div  id=\"um_field_128_user_password\" class=\"um-field um-field-password  um-field-user_password um-field-password um-field-type_password\" data-key=\"user_password\"><div class=\"um-field-label\"><label for=\"user_password-128\">Mot de passe<span class=\"um-req\" title=\"Obligatoire\">*<\/span><\/label><div class=\"um-clear\"><\/div><\/div><div class=\"um-field-area\"><div class=\"um-field-area-password\">\n\t\t\t\t\t\t\t\t\t<input class=\"um-form-field valid \" type=\"password\" name=\"user_password-128\" id=\"user_password-128\" value=\"\" placeholder=\"\" data-validate=\"\" data-key=\"user_password\"  aria-invalid=\"false\" \/>\n\t\t\t\t\t\t\t\t\t<span class=\"um-toggle-password\"><i class=\"um-icon-eye\"><\/i><\/span>\n\t\t\t\t\t\t\t\t<\/div>\n\t\t\t\t\t\t\t<\/div><\/div><div  id=\"um_field_128_confirm_user_password\" class=\"um-field um-field-password  um-field-user_password um-field-password um-field-type_password\" data-key=\"confirm_user_password\"><div class=\"um-field-label\"><label for=\"confirm_user_password-128\">Confirmer le Mot de passe<span class=\"um-req\" title=\"Obligatoire\">*<\/span><\/label><div class=\"um-clear\"><\/div><\/div><div class=\"um-field-area\"><div class=\"um-field-area-password\"><input class=\"um-form-field valid \" type=\"password\" name=\"confirm_user_password-128\" id=\"confirm_user_password-128\" value=\"\" placeholder=\"Confirmer le Mot de passe\" data-validate=\"\" data-key=\"confirm_user_password\"  aria-invalid=\"false\" \/><span class=\"um-toggle-password\"><i class=\"um-icon-eye\"><\/i><\/span><\/div><\/div><\/div><\/div><\/div>\n<!-- This file should primarily consist of HTML with a little bit of PHP. -->\n<div class=\"um-field um-field-type_terms_conditions\" data-key=\"use_terms_conditions_agreement\" style=\"display:block;padding:0;\">\n\t<div class=\"um-field-area\">\n\t\t<div class=\"um-gdpr-content\" style=\"display:none;\">\n\t\t\t\t\t<\/div>\n\t\t<a href=\"javascript:void(0);\" class=\"um-toggle-gdpr\" data-toggle-state=\"hidden\"\n\t\t\tdata-toggle-show=\"Afficher la politique de confidentialit\u00e9\"\n\t\t\tdata-toggle-hide=\"Masquer la politique de confidentialit\u00e9\">\n\t\t\tAfficher la politique de confidentialit\u00e9\t\t<\/a>\n\t<\/div>\n\t<div class=\"um-field-area\">\n\t\t<label class=\"um-field-checkbox\">\n\t\t\t<input type=\"checkbox\" name=\"use_gdpr_agreement\" value=\"1\">\n\t\t\t<span class=\"um-field-checkbox-state\"><i class=\"um-icon-android-checkbox-outline-blank\"><\/i><\/span>\n\t\t\t<span class=\"um-field-checkbox-option\">Veuillez confirmer que vous acceptez notre politique de confidentialit\u00e9<\/span>\n\t\t<\/label>\n\t\t<div class=\"um-clear\"><\/div>\n\t\t\t\t<div class=\"um-clear\"><\/div>\n\t<\/div>\n<\/div>\n\t<input type=\"hidden\" name=\"form_id\" id=\"form_id_128\" value=\"128\" \/>\n\t\t<p class=\"um_request_name\">\n\t\t<label for=\"um_request_128\">Only fill in if you are not human<\/label>\n\t\t<input type=\"hidden\" name=\"um_request\" id=\"um_request_128\" class=\"input\" value=\"\" size=\"25\" autocomplete=\"off\" \/>\n\t<\/p>\n\t<input type=\"hidden\" id=\"_wpnonce\" name=\"_wpnonce\" value=\"626767078f\" \/><input type=\"hidden\" name=\"_wp_http_referer\" value=\"\/index.php\/wp-json\/wp\/v2\/pages\/144\" \/>\n\t<div class=\"um-col-alt\">\n\n\t\t\n\t\t\t<div class=\"um-left um-half\">\n\t\t\t\t<input type=\"submit\" value=\"S\u2019inscrire\" class=\"um-button\" id=\"um-submit-btn\" \/>\n\t\t\t<\/div>\n\t\t\t<div class=\"um-right um-half\">\n\t\t\t\t<a href=\"https:\/\/syndicataubracducantal.fr\/index.php\/login\/\" class=\"um-button um-alt\">\n\t\t\t\t\tConnexion\t\t\t\t<\/a>\n\t\t\t<\/div>\n\n\t\t\n\t\t<div class=\"um-clear\"><\/div>\n\n\t<\/div>\n\n\t\t\t<\/form>\n\t<\/div>\n<\/div>\n<\/div>\n\t\t\t\t\t\t<\/div>\n\t\t\t\t<\/div>\n\t\t\t\t<\/div>\n\t\t\t\t\t<\/div>\n\t\t\t\t<\/div>\n\t\t\t\t<\/div>\n\t\t","protected":false},"excerpt":{"rendered":"<p>Se connecter Cr\u00e9er son compte adh\u00e9rents<\/p>\n","protected":false},"author":1,"featured_media":145,"parent":0,"menu_order":0,"comment_status":"closed","ping_status":"closed","template":"","meta":{"footnotes":""},"class_list":["post-144","page","type-page","status-publish","has-post-thumbnail","hentry"],"yoast_head":"<!-- This site is optimized with the Yoast SEO plugin v25.7 - https:\/\/yoast.com\/wordpress\/plugins\/seo\/ -->\n<title>Espace adh\u00e9rents -<\/title>\n<meta name=\"robots\" content=\"noindex, follow, max-snippet:-1, max-image-preview:large, max-video-preview:-1\" \/>\n<meta property=\"og:locale\" content=\"fr_FR\" \/>\n<meta property=\"og:type\" content=\"article\" \/>\n<meta property=\"og:title\" content=\"Espace adh\u00e9rents -\" \/>\n<meta property=\"og:description\" content=\"Se connecter Cr\u00e9er son compte adh\u00e9rents\" \/>\n<meta property=\"og:url\" content=\"https:\/\/syndicataubracducantal.fr\/index.php\/espace-adherents\/\" \/>\n<meta property=\"article:publisher\" content=\"https:\/\/www.facebook.com\/p\/Syndicat-Aubrac-Cantalien-100072228158993\/\" \/>\n<meta property=\"article:modified_time\" content=\"2025-06-16T13:55:20+00:00\" \/>\n<meta property=\"og:image\" content=\"https:\/\/syndicataubracducantal.fr\/wp-content\/uploads\/2025\/06\/Design-sans-titre-7-1.jpg\" \/>\n\t<meta property=\"og:image:width\" content=\"1366\" \/>\n\t<meta property=\"og:image:height\" content=\"768\" \/>\n\t<meta property=\"og:image:type\" content=\"image\/jpeg\" \/>\n<meta name=\"twitter:card\" content=\"summary_large_image\" \/>\n<script type=\"application\/ld+json\" class=\"yoast-schema-graph\">{\"@context\":\"https:\/\/schema.org\",\"@graph\":[{\"@type\":\"WebPage\",\"@id\":\"https:\/\/syndicataubracducantal.fr\/index.php\/espace-adherents\/\",\"url\":\"https:\/\/syndicataubracducantal.fr\/index.php\/espace-adherents\/\",\"name\":\"Espace adh\u00e9rents -\",\"isPartOf\":{\"@id\":\"https:\/\/syndicataubracducantal.fr\/#website\"},\"primaryImageOfPage\":{\"@id\":\"https:\/\/syndicataubracducantal.fr\/index.php\/espace-adherents\/#primaryimage\"},\"image\":{\"@id\":\"https:\/\/syndicataubracducantal.fr\/index.php\/espace-adherents\/#primaryimage\"},\"thumbnailUrl\":\"https:\/\/syndicataubracducantal.fr\/wp-content\/uploads\/2025\/06\/Design-sans-titre-7-1.jpg\",\"datePublished\":\"2025-06-16T13:14:01+00:00\",\"dateModified\":\"2025-06-16T13:55:20+00:00\",\"breadcrumb\":{\"@id\":\"https:\/\/syndicataubracducantal.fr\/index.php\/espace-adherents\/#breadcrumb\"},\"inLanguage\":\"fr-FR\",\"potentialAction\":[{\"@type\":\"ReadAction\",\"target\":[\"https:\/\/syndicataubracducantal.fr\/index.php\/espace-adherents\/\"]}]},{\"@type\":\"ImageObject\",\"inLanguage\":\"fr-FR\",\"@id\":\"https:\/\/syndicataubracducantal.fr\/index.php\/espace-adherents\/#primaryimage\",\"url\":\"https:\/\/syndicataubracducantal.fr\/wp-content\/uploads\/2025\/06\/Design-sans-titre-7-1.jpg\",\"contentUrl\":\"https:\/\/syndicataubracducantal.fr\/wp-content\/uploads\/2025\/06\/Design-sans-titre-7-1.jpg\",\"width\":1366,\"height\":768},{\"@type\":\"BreadcrumbList\",\"@id\":\"https:\/\/syndicataubracducantal.fr\/index.php\/espace-adherents\/#breadcrumb\",\"itemListElement\":[{\"@type\":\"ListItem\",\"position\":1,\"name\":\"Accueil\",\"item\":\"https:\/\/syndicataubracducantal.fr\/\"},{\"@type\":\"ListItem\",\"position\":2,\"name\":\"Espace adh\u00e9rents\"}]},{\"@type\":\"WebSite\",\"@id\":\"https:\/\/syndicataubracducantal.fr\/#website\",\"url\":\"https:\/\/syndicataubracducantal.fr\/\",\"name\":\"syndicat aubrac du cantal\",\"description\":\"syndicat Aubrac du Cantal\",\"publisher\":{\"@id\":\"https:\/\/syndicataubracducantal.fr\/#organization\"},\"alternateName\":\"syndicat des \u00e9leveurs Aubrac Cantalien\",\"potentialAction\":[{\"@type\":\"SearchAction\",\"target\":{\"@type\":\"EntryPoint\",\"urlTemplate\":\"https:\/\/syndicataubracducantal.fr\/?s={search_term_string}\"},\"query-input\":{\"@type\":\"PropertyValueSpecification\",\"valueRequired\":true,\"valueName\":\"search_term_string\"}}],\"inLanguage\":\"fr-FR\"},{\"@type\":\"Organization\",\"@id\":\"https:\/\/syndicataubracducantal.fr\/#organization\",\"name\":\"syndicat aubrac du Cantal\",\"alternateName\":\"syndicat des \u00e9leveurs Aubrac Cantalien\",\"url\":\"https:\/\/syndicataubracducantal.fr\/\",\"logo\":{\"@type\":\"ImageObject\",\"inLanguage\":\"fr-FR\",\"@id\":\"https:\/\/syndicataubracducantal.fr\/#\/schema\/logo\/image\/\",\"url\":\"https:\/\/syndicataubracducantal.fr\/wp-content\/uploads\/2025\/06\/cropped-Design-sans-titre-21.png\",\"contentUrl\":\"https:\/\/syndicataubracducantal.fr\/wp-content\/uploads\/2025\/06\/cropped-Design-sans-titre-21.png\",\"width\":500,\"height\":336,\"caption\":\"syndicat aubrac du Cantal\"},\"image\":{\"@id\":\"https:\/\/syndicataubracducantal.fr\/#\/schema\/logo\/image\/\"},\"sameAs\":[\"https:\/\/www.facebook.com\/p\/Syndicat-Aubrac-Cantalien-100072228158993\/\"]}]}<\/script>\n<!-- \/ Yoast SEO plugin. -->","yoast_head_json":{"title":"Espace adh\u00e9rents -","robots":{"index":"noindex","follow":"follow","max-snippet":"max-snippet:-1","max-image-preview":"max-image-preview:large","max-video-preview":"max-video-preview:-1"},"og_locale":"fr_FR","og_type":"article","og_title":"Espace adh\u00e9rents -","og_description":"Se connecter Cr\u00e9er son compte adh\u00e9rents","og_url":"https:\/\/syndicataubracducantal.fr\/index.php\/espace-adherents\/","article_publisher":"https:\/\/www.facebook.com\/p\/Syndicat-Aubrac-Cantalien-100072228158993\/","article_modified_time":"2025-06-16T13:55:20+00:00","og_image":[{"width":1366,"height":768,"url":"https:\/\/syndicataubracducantal.fr\/wp-content\/uploads\/2025\/06\/Design-sans-titre-7-1.jpg","type":"image\/jpeg"}],"twitter_card":"summary_large_image","schema":{"@context":"https:\/\/schema.org","@graph":[{"@type":"WebPage","@id":"https:\/\/syndicataubracducantal.fr\/index.php\/espace-adherents\/","url":"https:\/\/syndicataubracducantal.fr\/index.php\/espace-adherents\/","name":"Espace adh\u00e9rents -","isPartOf":{"@id":"https:\/\/syndicataubracducantal.fr\/#website"},"primaryImageOfPage":{"@id":"https:\/\/syndicataubracducantal.fr\/index.php\/espace-adherents\/#primaryimage"},"image":{"@id":"https:\/\/syndicataubracducantal.fr\/index.php\/espace-adherents\/#primaryimage"},"thumbnailUrl":"https:\/\/syndicataubracducantal.fr\/wp-content\/uploads\/2025\/06\/Design-sans-titre-7-1.jpg","datePublished":"2025-06-16T13:14:01+00:00","dateModified":"2025-06-16T13:55:20+00:00","breadcrumb":{"@id":"https:\/\/syndicataubracducantal.fr\/index.php\/espace-adherents\/#breadcrumb"},"inLanguage":"fr-FR","potentialAction":[{"@type":"ReadAction","target":["https:\/\/syndicataubracducantal.fr\/index.php\/espace-adherents\/"]}]},{"@type":"ImageObject","inLanguage":"fr-FR","@id":"https:\/\/syndicataubracducantal.fr\/index.php\/espace-adherents\/#primaryimage","url":"https:\/\/syndicataubracducantal.fr\/wp-content\/uploads\/2025\/06\/Design-sans-titre-7-1.jpg","contentUrl":"https:\/\/syndicataubracducantal.fr\/wp-content\/uploads\/2025\/06\/Design-sans-titre-7-1.jpg","width":1366,"height":768},{"@type":"BreadcrumbList","@id":"https:\/\/syndicataubracducantal.fr\/index.php\/espace-adherents\/#breadcrumb","itemListElement":[{"@type":"ListItem","position":1,"name":"Accueil","item":"https:\/\/syndicataubracducantal.fr\/"},{"@type":"ListItem","position":2,"name":"Espace adh\u00e9rents"}]},{"@type":"WebSite","@id":"https:\/\/syndicataubracducantal.fr\/#website","url":"https:\/\/syndicataubracducantal.fr\/","name":"syndicat aubrac du cantal","description":"syndicat Aubrac du Cantal","publisher":{"@id":"https:\/\/syndicataubracducantal.fr\/#organization"},"alternateName":"syndicat des \u00e9leveurs Aubrac Cantalien","potentialAction":[{"@type":"SearchAction","target":{"@type":"EntryPoint","urlTemplate":"https:\/\/syndicataubracducantal.fr\/?s={search_term_string}"},"query-input":{"@type":"PropertyValueSpecification","valueRequired":true,"valueName":"search_term_string"}}],"inLanguage":"fr-FR"},{"@type":"Organization","@id":"https:\/\/syndicataubracducantal.fr\/#organization","name":"syndicat aubrac du Cantal","alternateName":"syndicat des \u00e9leveurs Aubrac Cantalien","url":"https:\/\/syndicataubracducantal.fr\/","logo":{"@type":"ImageObject","inLanguage":"fr-FR","@id":"https:\/\/syndicataubracducantal.fr\/#\/schema\/logo\/image\/","url":"https:\/\/syndicataubracducantal.fr\/wp-content\/uploads\/2025\/06\/cropped-Design-sans-titre-21.png","contentUrl":"https:\/\/syndicataubracducantal.fr\/wp-content\/uploads\/2025\/06\/cropped-Design-sans-titre-21.png","width":500,"height":336,"caption":"syndicat aubrac du Cantal"},"image":{"@id":"https:\/\/syndicataubracducantal.fr\/#\/schema\/logo\/image\/"},"sameAs":["https:\/\/www.facebook.com\/p\/Syndicat-Aubrac-Cantalien-100072228158993\/"]}]}},"_links":{"self":[{"href":"https:\/\/syndicataubracducantal.fr\/index.php\/wp-json\/wp\/v2\/pages\/144","targetHints":{"allow":["GET"]}}],"collection":[{"href":"https:\/\/syndicataubracducantal.fr\/index.php\/wp-json\/wp\/v2\/pages"}],"about":[{"href":"https:\/\/syndicataubracducantal.fr\/index.php\/wp-json\/wp\/v2\/types\/page"}],"author":[{"embeddable":true,"href":"https:\/\/syndicataubracducantal.fr\/index.php\/wp-json\/wp\/v2\/users\/1"}],"replies":[{"embeddable":true,"href":"https:\/\/syndicataubracducantal.fr\/index.php\/wp-json\/wp\/v2\/comments?post=144"}],"version-history":[{"count":31,"href":"https:\/\/syndicataubracducantal.fr\/index.php\/wp-json\/wp\/v2\/pages\/144\/revisions"}],"predecessor-version":[{"id":182,"href":"https:\/\/syndicataubracducantal.fr\/index.php\/wp-json\/wp\/v2\/pages\/144\/revisions\/182"}],"wp:featuredmedia":[{"embeddable":true,"href":"https:\/\/syndicataubracducantal.fr\/index.php\/wp-json\/wp\/v2\/media\/145"}],"wp:attachment":[{"href":"https:\/\/syndicataubracducantal.fr\/index.php\/wp-json\/wp\/v2\/media?parent=144"}],"curies":[{"name":"wp","href":"https:\/\/api.w.org\/{rel}","templated":true}]}}