{"id":243,"date":"2025-06-23T10:02:15","date_gmt":"2025-06-23T08:02:15","guid":{"rendered":"https:\/\/syndicataubracducantal.fr\/?page_id=243"},"modified":"2025-12-15T11:21:58","modified_gmt":"2025-12-15T10:21:58","slug":"agenda","status":"publish","type":"page","link":"https:\/\/syndicataubracducantal.fr\/index.php\/agenda\/","title":{"rendered":"Agenda"},"content":{"rendered":"\t\t<div data-elementor-type=\"wp-page\" data-elementor-id=\"243\" class=\"elementor elementor-243\">\n\t\t\t\t<div class=\"elementor-element elementor-element-7bd2971 e-flex e-con-boxed e-con e-parent\" data-id=\"7bd2971\" data-element_type=\"container\">\n\t\t\t\t\t<div class=\"e-con-inner\">\n\t\t<div class=\"elementor-element elementor-element-19366b9 e-con-full e-flex e-con e-child\" data-id=\"19366b9\" data-element_type=\"container\">\n\t\t\t\t<div class=\"elementor-element elementor-element-50e1aa3 elementor-widget elementor-widget-image\" data-id=\"50e1aa3\" data-element_type=\"widget\" data-widget_type=\"image.default\">\n\t\t\t\t<div class=\"elementor-widget-container\">\n\t\t\t\t\t\t\t\t\t\t\t\t\t\t\t<img fetchpriority=\"high\" decoding=\"async\" width=\"214\" height=\"300\" src=\"https:\/\/syndicataubracducantal.fr\/wp-content\/uploads\/2025\/12\/596981952_870559445361653_2047056036687916981_n-214x300.jpg\" class=\"attachment-medium size-medium wp-image-639\" alt=\"\" srcset=\"https:\/\/syndicataubracducantal.fr\/wp-content\/uploads\/2025\/12\/596981952_870559445361653_2047056036687916981_n-214x300.jpg 214w, https:\/\/syndicataubracducantal.fr\/wp-content\/uploads\/2025\/12\/596981952_870559445361653_2047056036687916981_n-732x1024.jpg 732w, https:\/\/syndicataubracducantal.fr\/wp-content\/uploads\/2025\/12\/596981952_870559445361653_2047056036687916981_n-1098x1536.jpg 1098w, https:\/\/syndicataubracducantal.fr\/wp-content\/uploads\/2025\/12\/596981952_870559445361653_2047056036687916981_n.jpg 1464w\" sizes=\"100vw\" \/>\t\t\t\t\t\t\t\t\t\t\t\t\t\t\t<\/div>\n\t\t\t\t<\/div>\n\t\t\t\t<div class=\"elementor-element elementor-element-35073e7 elementor-widget elementor-widget-text-editor\" data-id=\"35073e7\" data-element_type=\"widget\" data-widget_type=\"text-editor.default\">\n\t\t\t\t<div class=\"elementor-widget-container\">\n\t\t\t\t\t\t\t\t\t<p><em><strong>Assembl\u00e9e g\u00e9n\u00e9rale\u00a0<\/strong><\/em><\/p>\t\t\t\t\t\t\t\t<\/div>\n\t\t\t\t<\/div>\n\t\t\t\t<\/div>\n\t\t<div class=\"elementor-element elementor-element-60c5b4e e-con-full e-flex e-con e-child\" data-id=\"60c5b4e\" data-element_type=\"container\">\n\t\t\t\t<div class=\"elementor-element elementor-element-d38508e elementor-widget elementor-widget-image\" data-id=\"d38508e\" data-element_type=\"widget\" data-widget_type=\"image.default\">\n\t\t\t\t<div class=\"elementor-widget-container\">\n\t\t\t\t\t\t\t\t\t\t\t\t\t\t\t<img decoding=\"async\" width=\"300\" height=\"202\" src=\"https:\/\/syndicataubracducantal.fr\/wp-content\/uploads\/2025\/06\/cropped-Design-sans-titre-21-300x202.png\" class=\"attachment-medium size-medium wp-image-36\" alt=\"\" srcset=\"https:\/\/syndicataubracducantal.fr\/wp-content\/uploads\/2025\/06\/cropped-Design-sans-titre-21-300x202.png 300w, https:\/\/syndicataubracducantal.fr\/wp-content\/uploads\/2025\/06\/cropped-Design-sans-titre-21.png 500w\" sizes=\"100vw\" \/>\t\t\t\t\t\t\t\t\t\t\t\t\t\t\t<\/div>\n\t\t\t\t<\/div>\n\t\t\t\t<div class=\"elementor-element elementor-element-8e35c1d elementor-widget elementor-widget-text-editor\" data-id=\"8e35c1d\" data-element_type=\"widget\" data-widget_type=\"text-editor.default\">\n\t\t\t\t<div class=\"elementor-widget-container\">\n\t\t\t\t\t\t\t\t\t<p><em><strong>Concours Aubrac \u00e0 Saint-Flour le 20 &amp; 21 septembre 2025<\/strong><\/em><\/p>\t\t\t\t\t\t\t\t<\/div>\n\t\t\t\t<\/div>\n\t\t\t\t<div class=\"elementor-element elementor-element-652a617 elementor-align-center elementor-widget elementor-widget-button\" data-id=\"652a617\" data-element_type=\"widget\" data-widget_type=\"button.default\">\n\t\t\t\t<div class=\"elementor-widget-container\">\n\t\t\t\t\t\t\t\t\t<div class=\"elementor-button-wrapper\">\n\t\t\t\t\t<a class=\"elementor-button elementor-button-link elementor-size-sm\" href=\"https:\/\/syndicataubracducantal.fr\/index.php\/concours-departementale-2025\/\">\n\t\t\t\t\t\t<span class=\"elementor-button-content-wrapper\">\n\t\t\t\t\t\t<span class=\"elementor-button-icon\">\n\t\t\t\t<svg aria-hidden=\"true\" class=\"e-font-icon-svg e-far-arrow-alt-circle-right\" viewBox=\"0 0 512 512\" xmlns=\"http:\/\/www.w3.org\/2000\/svg\"><path d=\"M504 256C504 119 393 8 256 8S8 119 8 256s111 248 248 248 248-111 248-248zm-448 0c0-110.5 89.5-200 200-200s200 89.5 200 200-89.5 200-200 200S56 366.5 56 256zm72 20v-40c0-6.6 5.4-12 12-12h116v-67c0-10.7 12.9-16 20.5-8.5l99 99c4.7 4.7 4.7 12.3 0 17l-99 99c-7.6 7.6-20.5 2.2-20.5-8.5v-67H140c-6.6 0-12-5.4-12-12z\"><\/path><\/svg>\t\t\t<\/span>\n\t\t\t\t\t\t\t\t\t<span class=\"elementor-button-text\">\u00c0 propos du concours<\/span>\n\t\t\t\t\t<\/span>\n\t\t\t\t\t<\/a>\n\t\t\t\t<\/div>\n\t\t\t\t\t\t\t\t<\/div>\n\t\t\t\t<\/div>\n\t\t\t\t<\/div>\n\t\t\t\t\t<\/div>\n\t\t\t\t<\/div>\n\t\t\t\t<\/div>\n\t\t","protected":false},"excerpt":{"rendered":"<p>Assembl\u00e9e g\u00e9n\u00e9rale\u00a0 Concours Aubrac \u00e0 Saint-Flour le 20 &amp; 21 septembre 2025 \u00c0 propos du concours<\/p>\n","protected":false},"author":1,"featured_media":0,"parent":0,"menu_order":0,"comment_status":"closed","ping_status":"closed","template":"","meta":{"footnotes":""},"class_list":["post-243","page","type-page","status-publish","hentry"],"yoast_head":"<!-- This site is optimized with the Yoast SEO plugin v25.7 - https:\/\/yoast.com\/wordpress\/plugins\/seo\/ -->\n<title>Agenda -<\/title>\n<meta name=\"robots\" content=\"noindex, follow, max-snippet:-1, max-image-preview:large, max-video-preview:-1\" \/>\n<meta property=\"og:locale\" content=\"fr_FR\" \/>\n<meta property=\"og:type\" content=\"article\" \/>\n<meta property=\"og:title\" content=\"Agenda -\" \/>\n<meta property=\"og:description\" content=\"Assembl\u00e9e g\u00e9n\u00e9rale\u00a0 Concours Aubrac \u00e0 Saint-Flour le 20 &amp; 21 septembre 2025 \u00c0 propos du concours\" \/>\n<meta property=\"og:url\" content=\"https:\/\/syndicataubracducantal.fr\/index.php\/agenda\/\" \/>\n<meta property=\"article:publisher\" content=\"https:\/\/www.facebook.com\/p\/Syndicat-Aubrac-Cantalien-100072228158993\/\" \/>\n<meta property=\"article:modified_time\" content=\"2025-12-15T10:21:58+00:00\" \/>\n<meta property=\"og:image\" content=\"https:\/\/syndicataubracducantal.fr\/wp-content\/uploads\/2025\/12\/596981952_870559445361653_2047056036687916981_n.jpg\" \/>\n\t<meta property=\"og:image:width\" content=\"1464\" \/>\n\t<meta property=\"og:image:height\" content=\"2048\" \/>\n\t<meta property=\"og:image:type\" content=\"image\/jpeg\" \/>\n<meta name=\"twitter:card\" content=\"summary_large_image\" \/>\n<meta name=\"twitter:label1\" content=\"Dur\u00e9e de lecture estim\u00e9e\" \/>\n\t<meta name=\"twitter:data1\" content=\"1 minute\" \/>\n<script type=\"application\/ld+json\" class=\"yoast-schema-graph\">{\"@context\":\"https:\/\/schema.org\",\"@graph\":[{\"@type\":\"WebPage\",\"@id\":\"https:\/\/syndicataubracducantal.fr\/index.php\/agenda\/\",\"url\":\"https:\/\/syndicataubracducantal.fr\/index.php\/agenda\/\",\"name\":\"Agenda -\",\"isPartOf\":{\"@id\":\"https:\/\/syndicataubracducantal.fr\/#website\"},\"primaryImageOfPage\":{\"@id\":\"https:\/\/syndicataubracducantal.fr\/index.php\/agenda\/#primaryimage\"},\"image\":{\"@id\":\"https:\/\/syndicataubracducantal.fr\/index.php\/agenda\/#primaryimage\"},\"thumbnailUrl\":\"https:\/\/syndicataubracducantal.fr\/wp-content\/uploads\/2025\/12\/596981952_870559445361653_2047056036687916981_n-214x300.jpg\",\"datePublished\":\"2025-06-23T08:02:15+00:00\",\"dateModified\":\"2025-12-15T10:21:58+00:00\",\"breadcrumb\":{\"@id\":\"https:\/\/syndicataubracducantal.fr\/index.php\/agenda\/#breadcrumb\"},\"inLanguage\":\"fr-FR\",\"potentialAction\":[{\"@type\":\"ReadAction\",\"target\":[\"https:\/\/syndicataubracducantal.fr\/index.php\/agenda\/\"]}]},{\"@type\":\"ImageObject\",\"inLanguage\":\"fr-FR\",\"@id\":\"https:\/\/syndicataubracducantal.fr\/index.php\/agenda\/#primaryimage\",\"url\":\"https:\/\/syndicataubracducantal.fr\/wp-content\/uploads\/2025\/12\/596981952_870559445361653_2047056036687916981_n.jpg\",\"contentUrl\":\"https:\/\/syndicataubracducantal.fr\/wp-content\/uploads\/2025\/12\/596981952_870559445361653_2047056036687916981_n.jpg\",\"width\":1464,\"height\":2048},{\"@type\":\"BreadcrumbList\",\"@id\":\"https:\/\/syndicataubracducantal.fr\/index.php\/agenda\/#breadcrumb\",\"itemListElement\":[{\"@type\":\"ListItem\",\"position\":1,\"name\":\"Accueil\",\"item\":\"https:\/\/syndicataubracducantal.fr\/\"},{\"@type\":\"ListItem\",\"position\":2,\"name\":\"Agenda\"}]},{\"@type\":\"WebSite\",\"@id\":\"https:\/\/syndicataubracducantal.fr\/#website\",\"url\":\"https:\/\/syndicataubracducantal.fr\/\",\"name\":\"syndicat aubrac du cantal\",\"description\":\"syndicat Aubrac du Cantal\",\"publisher\":{\"@id\":\"https:\/\/syndicataubracducantal.fr\/#organization\"},\"alternateName\":\"syndicat des \u00e9leveurs Aubrac Cantalien\",\"potentialAction\":[{\"@type\":\"SearchAction\",\"target\":{\"@type\":\"EntryPoint\",\"urlTemplate\":\"https:\/\/syndicataubracducantal.fr\/?s={search_term_string}\"},\"query-input\":{\"@type\":\"PropertyValueSpecification\",\"valueRequired\":true,\"valueName\":\"search_term_string\"}}],\"inLanguage\":\"fr-FR\"},{\"@type\":\"Organization\",\"@id\":\"https:\/\/syndicataubracducantal.fr\/#organization\",\"name\":\"syndicat aubrac du Cantal\",\"alternateName\":\"syndicat des \u00e9leveurs Aubrac Cantalien\",\"url\":\"https:\/\/syndicataubracducantal.fr\/\",\"logo\":{\"@type\":\"ImageObject\",\"inLanguage\":\"fr-FR\",\"@id\":\"https:\/\/syndicataubracducantal.fr\/#\/schema\/logo\/image\/\",\"url\":\"https:\/\/syndicataubracducantal.fr\/wp-content\/uploads\/2025\/06\/cropped-Design-sans-titre-21.png\",\"contentUrl\":\"https:\/\/syndicataubracducantal.fr\/wp-content\/uploads\/2025\/06\/cropped-Design-sans-titre-21.png\",\"width\":500,\"height\":336,\"caption\":\"syndicat aubrac du Cantal\"},\"image\":{\"@id\":\"https:\/\/syndicataubracducantal.fr\/#\/schema\/logo\/image\/\"},\"sameAs\":[\"https:\/\/www.facebook.com\/p\/Syndicat-Aubrac-Cantalien-100072228158993\/\"]}]}<\/script>\n<!-- \/ Yoast SEO plugin. -->","yoast_head_json":{"title":"Agenda -","robots":{"index":"noindex","follow":"follow","max-snippet":"max-snippet:-1","max-image-preview":"max-image-preview:large","max-video-preview":"max-video-preview:-1"},"og_locale":"fr_FR","og_type":"article","og_title":"Agenda -","og_description":"Assembl\u00e9e g\u00e9n\u00e9rale\u00a0 Concours Aubrac \u00e0 Saint-Flour le 20 &amp; 21 septembre 2025 \u00c0 propos du concours","og_url":"https:\/\/syndicataubracducantal.fr\/index.php\/agenda\/","article_publisher":"https:\/\/www.facebook.com\/p\/Syndicat-Aubrac-Cantalien-100072228158993\/","article_modified_time":"2025-12-15T10:21:58+00:00","og_image":[{"width":1464,"height":2048,"url":"https:\/\/syndicataubracducantal.fr\/wp-content\/uploads\/2025\/12\/596981952_870559445361653_2047056036687916981_n.jpg","type":"image\/jpeg"}],"twitter_card":"summary_large_image","twitter_misc":{"Dur\u00e9e de lecture estim\u00e9e":"1 minute"},"schema":{"@context":"https:\/\/schema.org","@graph":[{"@type":"WebPage","@id":"https:\/\/syndicataubracducantal.fr\/index.php\/agenda\/","url":"https:\/\/syndicataubracducantal.fr\/index.php\/agenda\/","name":"Agenda -","isPartOf":{"@id":"https:\/\/syndicataubracducantal.fr\/#website"},"primaryImageOfPage":{"@id":"https:\/\/syndicataubracducantal.fr\/index.php\/agenda\/#primaryimage"},"image":{"@id":"https:\/\/syndicataubracducantal.fr\/index.php\/agenda\/#primaryimage"},"thumbnailUrl":"https:\/\/syndicataubracducantal.fr\/wp-content\/uploads\/2025\/12\/596981952_870559445361653_2047056036687916981_n-214x300.jpg","datePublished":"2025-06-23T08:02:15+00:00","dateModified":"2025-12-15T10:21:58+00:00","breadcrumb":{"@id":"https:\/\/syndicataubracducantal.fr\/index.php\/agenda\/#breadcrumb"},"inLanguage":"fr-FR","potentialAction":[{"@type":"ReadAction","target":["https:\/\/syndicataubracducantal.fr\/index.php\/agenda\/"]}]},{"@type":"ImageObject","inLanguage":"fr-FR","@id":"https:\/\/syndicataubracducantal.fr\/index.php\/agenda\/#primaryimage","url":"https:\/\/syndicataubracducantal.fr\/wp-content\/uploads\/2025\/12\/596981952_870559445361653_2047056036687916981_n.jpg","contentUrl":"https:\/\/syndicataubracducantal.fr\/wp-content\/uploads\/2025\/12\/596981952_870559445361653_2047056036687916981_n.jpg","width":1464,"height":2048},{"@type":"BreadcrumbList","@id":"https:\/\/syndicataubracducantal.fr\/index.php\/agenda\/#breadcrumb","itemListElement":[{"@type":"ListItem","position":1,"name":"Accueil","item":"https:\/\/syndicataubracducantal.fr\/"},{"@type":"ListItem","position":2,"name":"Agenda"}]},{"@type":"WebSite","@id":"https:\/\/syndicataubracducantal.fr\/#website","url":"https:\/\/syndicataubracducantal.fr\/","name":"syndicat aubrac du cantal","description":"syndicat Aubrac du Cantal","publisher":{"@id":"https:\/\/syndicataubracducantal.fr\/#organization"},"alternateName":"syndicat des \u00e9leveurs Aubrac Cantalien","potentialAction":[{"@type":"SearchAction","target":{"@type":"EntryPoint","urlTemplate":"https:\/\/syndicataubracducantal.fr\/?s={search_term_string}"},"query-input":{"@type":"PropertyValueSpecification","valueRequired":true,"valueName":"search_term_string"}}],"inLanguage":"fr-FR"},{"@type":"Organization","@id":"https:\/\/syndicataubracducantal.fr\/#organization","name":"syndicat aubrac du Cantal","alternateName":"syndicat des \u00e9leveurs Aubrac Cantalien","url":"https:\/\/syndicataubracducantal.fr\/","logo":{"@type":"ImageObject","inLanguage":"fr-FR","@id":"https:\/\/syndicataubracducantal.fr\/#\/schema\/logo\/image\/","url":"https:\/\/syndicataubracducantal.fr\/wp-content\/uploads\/2025\/06\/cropped-Design-sans-titre-21.png","contentUrl":"https:\/\/syndicataubracducantal.fr\/wp-content\/uploads\/2025\/06\/cropped-Design-sans-titre-21.png","width":500,"height":336,"caption":"syndicat aubrac du Cantal"},"image":{"@id":"https:\/\/syndicataubracducantal.fr\/#\/schema\/logo\/image\/"},"sameAs":["https:\/\/www.facebook.com\/p\/Syndicat-Aubrac-Cantalien-100072228158993\/"]}]}},"_links":{"self":[{"href":"https:\/\/syndicataubracducantal.fr\/index.php\/wp-json\/wp\/v2\/pages\/243","targetHints":{"allow":["GET"]}}],"collection":[{"href":"https:\/\/syndicataubracducantal.fr\/index.php\/wp-json\/wp\/v2\/pages"}],"about":[{"href":"https:\/\/syndicataubracducantal.fr\/index.php\/wp-json\/wp\/v2\/types\/page"}],"author":[{"embeddable":true,"href":"https:\/\/syndicataubracducantal.fr\/index.php\/wp-json\/wp\/v2\/users\/1"}],"replies":[{"embeddable":true,"href":"https:\/\/syndicataubracducantal.fr\/index.php\/wp-json\/wp\/v2\/comments?post=243"}],"version-history":[{"count":34,"href":"https:\/\/syndicataubracducantal.fr\/index.php\/wp-json\/wp\/v2\/pages\/243\/revisions"}],"predecessor-version":[{"id":642,"href":"https:\/\/syndicataubracducantal.fr\/index.php\/wp-json\/wp\/v2\/pages\/243\/revisions\/642"}],"wp:attachment":[{"href":"https:\/\/syndicataubracducantal.fr\/index.php\/wp-json\/wp\/v2\/media?parent=243"}],"curies":[{"name":"wp","href":"https:\/\/api.w.org\/{rel}","templated":true}]}}