{"id":271,"date":"2025-06-23T14:45:02","date_gmt":"2025-06-23T12:45:02","guid":{"rendered":"https:\/\/syndicataubracducantal.fr\/?page_id=271"},"modified":"2025-06-24T10:09:04","modified_gmt":"2025-06-24T08:09:04","slug":"histoire-des-concours-du-aubrac-du-cantal","status":"publish","type":"page","link":"https:\/\/syndicataubracducantal.fr\/index.php\/histoire-des-concours-du-aubrac-du-cantal\/","title":{"rendered":"Histoire des concours Aubrac du Cantal\u00a0"},"content":{"rendered":"\t\t<div data-elementor-type=\"wp-page\" data-elementor-id=\"271\" class=\"elementor elementor-271\">\n\t\t\t\t<div class=\"elementor-element elementor-element-0d95235 e-flex e-con-boxed e-con e-parent\" data-id=\"0d95235\" data-element_type=\"container\">\n\t\t\t\t\t<div class=\"e-con-inner\">\n\t\t\t\t<div class=\"elementor-element elementor-element-9428781 elementor-widget elementor-widget-text-editor\" data-id=\"9428781\" data-element_type=\"widget\" data-widget_type=\"text-editor.default\">\n\t\t\t\t<div class=\"elementor-widget-container\">\n\t\t\t\t\t\t\t\t\t<p>Les concours Aubrac ont \u00e9t\u00e9 cr\u00e9\u00e9s non seulement pour valoriser la qualit\u00e9 du travail des \u00e9leveurs, mais aussi pour <strong data-start=\"477\" data-end=\"526\">renforcer le lien social entre professionnels<\/strong> et <strong data-start=\"530\" data-end=\"584\">ouvrir les portes de l\u2019agriculture au grand public<\/strong>.<br data-start=\"585\" data-end=\"588\" \/>Ils permettent \u00e0 chacun de <strong data-start=\"617\" data-end=\"698\">mieux comprendre un m\u00e9tier essentiel, souvent m\u00e9connu ou injustement critiqu\u00e9<\/strong>, en allant \u00e0 la rencontre de celles et ceux qui le vivent au quotidien.<\/p>\t\t\t\t\t\t\t\t<\/div>\n\t\t\t\t<\/div>\n\t\t\t\t\t<\/div>\n\t\t\t\t<\/div>\n\t\t<div class=\"elementor-element elementor-element-5a8f34a e-flex e-con-boxed e-con e-parent\" data-id=\"5a8f34a\" data-element_type=\"container\">\n\t\t\t\t\t<div class=\"e-con-inner\">\n\t\t\t\t<div class=\"elementor-element elementor-element-b33ab0c elementor-widget elementor-widget-text-editor\" data-id=\"b33ab0c\" data-element_type=\"widget\" data-widget_type=\"text-editor.default\">\n\t\t\t\t<div class=\"elementor-widget-container\">\n\t\t\t\t\t\t\t\t\t<p><em><strong>Chronologie des concours\u00a0<\/strong><\/em><\/p>\t\t\t\t\t\t\t\t<\/div>\n\t\t\t\t<\/div>\n\t\t<div class=\"elementor-element elementor-element-36837a3 e-grid e-con-full e-con e-child\" data-id=\"36837a3\" data-element_type=\"container\">\n\t\t\t\t<div class=\"elementor-element elementor-element-dbcb31c elementor-widget elementor-widget-text-editor\" data-id=\"dbcb31c\" data-element_type=\"widget\" data-widget_type=\"text-editor.default\">\n\t\t\t\t<div class=\"elementor-widget-container\">\n\t\t\t\t\t\t\t\t\t<ul><li dir=\"auto\">1950 Concours D\u00e9partementa ST FLOUR<\/li><li dir=\"auto\">1951 Concours D\u00e9partemental PIERREFORT<\/li><li dir=\"auto\">1953 Concours Departemental ST URCIZE<\/li><li dir=\"auto\">1954 Concours D\u00e9partementa NEUVEGLISE<\/li><li dir=\"auto\">1955 Concours D\u00e9partementa ST FLOUR<\/li><li dir=\"auto\">1956 Concours D\u00e9partemental PIERREFORT<\/li><li dir=\"auto\">1957 Concours D\u00e9partemental ST URCIZE<\/li><li dir=\"auto\">1958 Concours D\u00e9partemental NEUVEGLISE<\/li><li dir=\"auto\">1960 Concours D\u00e9partemental PIERREFORT<\/li><li dir=\"auto\">1961 Concours D\u00e9partemental ST URCIZE<\/li><li dir=\"auto\">1962 Concours D\u00e9partemental NEUVEGLISE<\/li><li dir=\"auto\">1965 Concours Departemental PIERREFORT<\/li><li dir=\"auto\">1975 Concours Sp\u00e9cial ST URCIZE<\/li><li dir=\"auto\">1979 Concours Sp\u00e9cial PIERREFORT<\/li><li dir=\"auto\">1983 Concours Sp\u00e9cial ST URCIZE<\/li><li dir=\"auto\">1986 oncours D\u00e9partemental PIERREFORT<\/li><li dir=\"auto\">1987 Concours Sp\u00e9cial PIERREFORT (<em>ANNULE CAUSE INTEMP\u00c9RIE)<\/em><\/li><li dir=\"auto\">1988 Concours D\u00e9partemental NEUVEGLISE<\/li><li dir=\"auto\">1989 Concours D\u00e9partemental PIERREFORT<\/li><li dir=\"auto\">1990 Concours D\u00e9partemental CH. AIGUES<\/li><li dir=\"auto\">199 Concours Sp\u00e9cial NEUVEGLISE<\/li><li dir=\"auto\">1992 Concours D\u00e9partemental GOURDIEGES<\/li><li dir=\"auto\">1993 Concours D\u00e9partemental CEZENS<\/li><li dir=\"auto\">1994 Concours D\u00e9partemental ST URCIZE<\/li><li dir=\"auto\">1995 Concours Sp\u00e9cial ST FLOUR<\/li><li dir=\"auto\">1996 Concours D\u00e9partemental PAULHENC<\/li><li dir=\"auto\">1997 Concours D\u00e9parterental CH. AIGUES<\/li><li dir=\"auto\">1998 Concours D\u00e9parternental ORADOUR<\/li><\/ul>\t\t\t\t\t\t\t\t<\/div>\n\t\t\t\t<\/div>\n\t\t\t\t<div class=\"elementor-element elementor-element-230aadc elementor-widget elementor-widget-text-editor\" data-id=\"230aadc\" data-element_type=\"widget\" data-widget_type=\"text-editor.default\">\n\t\t\t\t<div class=\"elementor-widget-container\">\n\t\t\t\t\t\t\t\t\t<ul><li>1999 Concours Sp\u00e9cial ST FLOUR<\/li><li dir=\"auto\">2000 Concours D\u00e9parternental PAULHAC<\/li><li dir=\"auto\">2001 Concours D\u00e9parternental PIERREFORT (Cinquantenaire)<\/li><li dir=\"auto\">2002 Concours D\u00e9partemental CH. AIGUES<\/li><li dir=\"auto\">2004 Concours D\u00e9partemental MASSIAC<\/li><li dir=\"auto\">2005 Concours D\u00e9partemental ST FLOUR<\/li><li dir=\"auto\">2006 Concours Sp\u00e9cial ST FLOUR<\/li><li dir=\"auto\">2007 Concours D\u00e9partemental PAULHAC<\/li><li dir=\"auto\">2008 Concours D\u00e9partermental ST GEORGES<\/li><li dir=\"auto\">2009 Concours D\u00e9partemental $T MAMET<\/li><li dir=\"auto\">2010 Concours D\u00e9partemental CEZENS<\/li><li dir=\"auto\">2011 Concours D\u00e9partemental NEUVEGLISE<\/li><li dir=\"auto\">2012 Concours D\u00e9partemental ANTERRIEUX<\/li><li dir=\"auto\">2013 Concours Departemental PIERREFORT<\/li><li dir=\"auto\">2014 Concours D\u00e9partemental ST FLOUR<\/li><li dir=\"auto\">2015 Concours D\u00e9partemental CH. AIGUES<\/li><li dir=\"auto\">2016 Concours Sp\u00e9cial ST FLOUR<\/li><li dir=\"auto\">2017 Concours D\u00e9partemental PAULHAC<\/li><li dir=\"auto\">2018 Concours Departemental STE MARIE<\/li><li dir=\"auto\">2019 Concours D\u00e9partemental ST URCIZE<\/li><li dir=\"auto\">2020 Concours D\u00e9partemental (ANNULE CAUSE COVID-19)<\/li><li dir=\"auto\">2021 Concours d\u00e9partemental ST- FLOUR ( 70eme anniversaire )<\/li><li dir=\"auto\">2022 Concours d\u00e9partemental \u00a0LAVASTRIE\u00a0<\/li><li dir=\"auto\">2023 Concours d\u00e9partemental PIERREFORT<\/li><li dir=\"auto\">2024\u00a0Concours d\u00e9partemental CHAUDES-AIGUES\u00a0<\/li><li dir=\"auto\">2025 Concours d\u00e9partemental SAINT-FLOUR<\/li><\/ul>\t\t\t\t\t\t\t\t<\/div>\n\t\t\t\t<\/div>\n\t\t\t\t<\/div>\n\t\t\t\t\t<\/div>\n\t\t\t\t<\/div>\n\t\t\t\t<\/div>\n\t\t","protected":false},"excerpt":{"rendered":"<p>Les concours Aubrac ont \u00e9t\u00e9 cr\u00e9\u00e9s non seulement pour valoriser la qualit\u00e9 du travail des \u00e9leveurs, mais aussi pour renforcer le lien social entre professionnels et ouvrir les portes de l\u2019agriculture au grand public.Ils permettent \u00e0 chacun de mieux comprendre un m\u00e9tier essentiel, souvent m\u00e9connu ou injustement critiqu\u00e9, en allant \u00e0 la rencontre de celles &hellip; <\/p>\n<p class=\"link-more\"><a href=\"https:\/\/syndicataubracducantal.fr\/index.php\/histoire-des-concours-du-aubrac-du-cantal\/\" class=\"more-link\">Lire la suite de<span class=\"screen-reader-text\">\u00ab\u00a0Histoire des concours Aubrac du Cantal\u00a0\u00a0\u00bb<\/span><\/a><\/p>\n","protected":false},"author":1,"featured_media":272,"parent":0,"menu_order":0,"comment_status":"closed","ping_status":"closed","template":"","meta":{"footnotes":""},"class_list":["post-271","page","type-page","status-publish","has-post-thumbnail","hentry"],"yoast_head":"<!-- This site is optimized with the Yoast SEO plugin v25.7 - https:\/\/yoast.com\/wordpress\/plugins\/seo\/ -->\n<title>Histoire des concours Aubrac du Cantal\u00a0 -<\/title>\n<meta name=\"robots\" content=\"noindex, follow, max-snippet:-1, max-image-preview:large, max-video-preview:-1\" \/>\n<meta property=\"og:locale\" content=\"fr_FR\" \/>\n<meta property=\"og:type\" content=\"article\" \/>\n<meta property=\"og:title\" content=\"Histoire des concours Aubrac du Cantal\u00a0 -\" \/>\n<meta property=\"og:description\" content=\"Les concours Aubrac ont \u00e9t\u00e9 cr\u00e9\u00e9s non seulement pour valoriser la qualit\u00e9 du travail des \u00e9leveurs, mais aussi pour renforcer le lien social entre professionnels et ouvrir les portes de l\u2019agriculture au grand public.Ils permettent \u00e0 chacun de mieux comprendre un m\u00e9tier essentiel, souvent m\u00e9connu ou injustement critiqu\u00e9, en allant \u00e0 la rencontre de celles &hellip; Lire la suite de\u00ab\u00a0Histoire des concours Aubrac du Cantal\u00a0\u00a0\u00bb\" \/>\n<meta property=\"og:url\" content=\"https:\/\/syndicataubracducantal.fr\/index.php\/histoire-des-concours-du-aubrac-du-cantal\/\" \/>\n<meta property=\"article:publisher\" content=\"https:\/\/www.facebook.com\/p\/Syndicat-Aubrac-Cantalien-100072228158993\/\" \/>\n<meta property=\"article:modified_time\" content=\"2025-06-24T08:09:04+00:00\" \/>\n<meta property=\"og:image\" content=\"https:\/\/syndicataubracducantal.fr\/wp-content\/uploads\/2025\/06\/G24_1249W.jpg\" \/>\n\t<meta property=\"og:image:width\" content=\"2100\" \/>\n\t<meta property=\"og:image:height\" content=\"700\" \/>\n\t<meta property=\"og:image:type\" content=\"image\/jpeg\" \/>\n<meta name=\"twitter:card\" content=\"summary_large_image\" \/>\n<meta name=\"twitter:label1\" content=\"Dur\u00e9e de lecture estim\u00e9e\" \/>\n\t<meta name=\"twitter:data1\" content=\"2 minutes\" \/>\n<script type=\"application\/ld+json\" class=\"yoast-schema-graph\">{\"@context\":\"https:\/\/schema.org\",\"@graph\":[{\"@type\":\"WebPage\",\"@id\":\"https:\/\/syndicataubracducantal.fr\/index.php\/histoire-des-concours-du-aubrac-du-cantal\/\",\"url\":\"https:\/\/syndicataubracducantal.fr\/index.php\/histoire-des-concours-du-aubrac-du-cantal\/\",\"name\":\"Histoire des concours Aubrac du Cantal\u00a0 -\",\"isPartOf\":{\"@id\":\"https:\/\/syndicataubracducantal.fr\/#website\"},\"primaryImageOfPage\":{\"@id\":\"https:\/\/syndicataubracducantal.fr\/index.php\/histoire-des-concours-du-aubrac-du-cantal\/#primaryimage\"},\"image\":{\"@id\":\"https:\/\/syndicataubracducantal.fr\/index.php\/histoire-des-concours-du-aubrac-du-cantal\/#primaryimage\"},\"thumbnailUrl\":\"https:\/\/syndicataubracducantal.fr\/wp-content\/uploads\/2025\/06\/G24_1249W.jpg\",\"datePublished\":\"2025-06-23T12:45:02+00:00\",\"dateModified\":\"2025-06-24T08:09:04+00:00\",\"breadcrumb\":{\"@id\":\"https:\/\/syndicataubracducantal.fr\/index.php\/histoire-des-concours-du-aubrac-du-cantal\/#breadcrumb\"},\"inLanguage\":\"fr-FR\",\"potentialAction\":[{\"@type\":\"ReadAction\",\"target\":[\"https:\/\/syndicataubracducantal.fr\/index.php\/histoire-des-concours-du-aubrac-du-cantal\/\"]}]},{\"@type\":\"ImageObject\",\"inLanguage\":\"fr-FR\",\"@id\":\"https:\/\/syndicataubracducantal.fr\/index.php\/histoire-des-concours-du-aubrac-du-cantal\/#primaryimage\",\"url\":\"https:\/\/syndicataubracducantal.fr\/wp-content\/uploads\/2025\/06\/G24_1249W.jpg\",\"contentUrl\":\"https:\/\/syndicataubracducantal.fr\/wp-content\/uploads\/2025\/06\/G24_1249W.jpg\",\"width\":2100,\"height\":700},{\"@type\":\"BreadcrumbList\",\"@id\":\"https:\/\/syndicataubracducantal.fr\/index.php\/histoire-des-concours-du-aubrac-du-cantal\/#breadcrumb\",\"itemListElement\":[{\"@type\":\"ListItem\",\"position\":1,\"name\":\"Accueil\",\"item\":\"https:\/\/syndicataubracducantal.fr\/\"},{\"@type\":\"ListItem\",\"position\":2,\"name\":\"Histoire des concours Aubrac du Cantal\u00a0\"}]},{\"@type\":\"WebSite\",\"@id\":\"https:\/\/syndicataubracducantal.fr\/#website\",\"url\":\"https:\/\/syndicataubracducantal.fr\/\",\"name\":\"syndicat aubrac du cantal\",\"description\":\"syndicat Aubrac du Cantal\",\"publisher\":{\"@id\":\"https:\/\/syndicataubracducantal.fr\/#organization\"},\"alternateName\":\"syndicat des \u00e9leveurs Aubrac Cantalien\",\"potentialAction\":[{\"@type\":\"SearchAction\",\"target\":{\"@type\":\"EntryPoint\",\"urlTemplate\":\"https:\/\/syndicataubracducantal.fr\/?s={search_term_string}\"},\"query-input\":{\"@type\":\"PropertyValueSpecification\",\"valueRequired\":true,\"valueName\":\"search_term_string\"}}],\"inLanguage\":\"fr-FR\"},{\"@type\":\"Organization\",\"@id\":\"https:\/\/syndicataubracducantal.fr\/#organization\",\"name\":\"syndicat aubrac du Cantal\",\"alternateName\":\"syndicat des \u00e9leveurs Aubrac Cantalien\",\"url\":\"https:\/\/syndicataubracducantal.fr\/\",\"logo\":{\"@type\":\"ImageObject\",\"inLanguage\":\"fr-FR\",\"@id\":\"https:\/\/syndicataubracducantal.fr\/#\/schema\/logo\/image\/\",\"url\":\"https:\/\/syndicataubracducantal.fr\/wp-content\/uploads\/2025\/06\/cropped-Design-sans-titre-21.png\",\"contentUrl\":\"https:\/\/syndicataubracducantal.fr\/wp-content\/uploads\/2025\/06\/cropped-Design-sans-titre-21.png\",\"width\":500,\"height\":336,\"caption\":\"syndicat aubrac du Cantal\"},\"image\":{\"@id\":\"https:\/\/syndicataubracducantal.fr\/#\/schema\/logo\/image\/\"},\"sameAs\":[\"https:\/\/www.facebook.com\/p\/Syndicat-Aubrac-Cantalien-100072228158993\/\"]}]}<\/script>\n<!-- \/ Yoast SEO plugin. -->","yoast_head_json":{"title":"Histoire des concours Aubrac du Cantal\u00a0 -","robots":{"index":"noindex","follow":"follow","max-snippet":"max-snippet:-1","max-image-preview":"max-image-preview:large","max-video-preview":"max-video-preview:-1"},"og_locale":"fr_FR","og_type":"article","og_title":"Histoire des concours Aubrac du Cantal\u00a0 -","og_description":"Les concours Aubrac ont \u00e9t\u00e9 cr\u00e9\u00e9s non seulement pour valoriser la qualit\u00e9 du travail des \u00e9leveurs, mais aussi pour renforcer le lien social entre professionnels et ouvrir les portes de l\u2019agriculture au grand public.Ils permettent \u00e0 chacun de mieux comprendre un m\u00e9tier essentiel, souvent m\u00e9connu ou injustement critiqu\u00e9, en allant \u00e0 la rencontre de celles &hellip; Lire la suite de\u00ab\u00a0Histoire des concours Aubrac du Cantal\u00a0\u00a0\u00bb","og_url":"https:\/\/syndicataubracducantal.fr\/index.php\/histoire-des-concours-du-aubrac-du-cantal\/","article_publisher":"https:\/\/www.facebook.com\/p\/Syndicat-Aubrac-Cantalien-100072228158993\/","article_modified_time":"2025-06-24T08:09:04+00:00","og_image":[{"width":2100,"height":700,"url":"https:\/\/syndicataubracducantal.fr\/wp-content\/uploads\/2025\/06\/G24_1249W.jpg","type":"image\/jpeg"}],"twitter_card":"summary_large_image","twitter_misc":{"Dur\u00e9e de lecture estim\u00e9e":"2 minutes"},"schema":{"@context":"https:\/\/schema.org","@graph":[{"@type":"WebPage","@id":"https:\/\/syndicataubracducantal.fr\/index.php\/histoire-des-concours-du-aubrac-du-cantal\/","url":"https:\/\/syndicataubracducantal.fr\/index.php\/histoire-des-concours-du-aubrac-du-cantal\/","name":"Histoire des concours Aubrac du Cantal\u00a0 -","isPartOf":{"@id":"https:\/\/syndicataubracducantal.fr\/#website"},"primaryImageOfPage":{"@id":"https:\/\/syndicataubracducantal.fr\/index.php\/histoire-des-concours-du-aubrac-du-cantal\/#primaryimage"},"image":{"@id":"https:\/\/syndicataubracducantal.fr\/index.php\/histoire-des-concours-du-aubrac-du-cantal\/#primaryimage"},"thumbnailUrl":"https:\/\/syndicataubracducantal.fr\/wp-content\/uploads\/2025\/06\/G24_1249W.jpg","datePublished":"2025-06-23T12:45:02+00:00","dateModified":"2025-06-24T08:09:04+00:00","breadcrumb":{"@id":"https:\/\/syndicataubracducantal.fr\/index.php\/histoire-des-concours-du-aubrac-du-cantal\/#breadcrumb"},"inLanguage":"fr-FR","potentialAction":[{"@type":"ReadAction","target":["https:\/\/syndicataubracducantal.fr\/index.php\/histoire-des-concours-du-aubrac-du-cantal\/"]}]},{"@type":"ImageObject","inLanguage":"fr-FR","@id":"https:\/\/syndicataubracducantal.fr\/index.php\/histoire-des-concours-du-aubrac-du-cantal\/#primaryimage","url":"https:\/\/syndicataubracducantal.fr\/wp-content\/uploads\/2025\/06\/G24_1249W.jpg","contentUrl":"https:\/\/syndicataubracducantal.fr\/wp-content\/uploads\/2025\/06\/G24_1249W.jpg","width":2100,"height":700},{"@type":"BreadcrumbList","@id":"https:\/\/syndicataubracducantal.fr\/index.php\/histoire-des-concours-du-aubrac-du-cantal\/#breadcrumb","itemListElement":[{"@type":"ListItem","position":1,"name":"Accueil","item":"https:\/\/syndicataubracducantal.fr\/"},{"@type":"ListItem","position":2,"name":"Histoire des concours Aubrac du Cantal\u00a0"}]},{"@type":"WebSite","@id":"https:\/\/syndicataubracducantal.fr\/#website","url":"https:\/\/syndicataubracducantal.fr\/","name":"syndicat aubrac du cantal","description":"syndicat Aubrac du Cantal","publisher":{"@id":"https:\/\/syndicataubracducantal.fr\/#organization"},"alternateName":"syndicat des \u00e9leveurs Aubrac Cantalien","potentialAction":[{"@type":"SearchAction","target":{"@type":"EntryPoint","urlTemplate":"https:\/\/syndicataubracducantal.fr\/?s={search_term_string}"},"query-input":{"@type":"PropertyValueSpecification","valueRequired":true,"valueName":"search_term_string"}}],"inLanguage":"fr-FR"},{"@type":"Organization","@id":"https:\/\/syndicataubracducantal.fr\/#organization","name":"syndicat aubrac du Cantal","alternateName":"syndicat des \u00e9leveurs Aubrac Cantalien","url":"https:\/\/syndicataubracducantal.fr\/","logo":{"@type":"ImageObject","inLanguage":"fr-FR","@id":"https:\/\/syndicataubracducantal.fr\/#\/schema\/logo\/image\/","url":"https:\/\/syndicataubracducantal.fr\/wp-content\/uploads\/2025\/06\/cropped-Design-sans-titre-21.png","contentUrl":"https:\/\/syndicataubracducantal.fr\/wp-content\/uploads\/2025\/06\/cropped-Design-sans-titre-21.png","width":500,"height":336,"caption":"syndicat aubrac du Cantal"},"image":{"@id":"https:\/\/syndicataubracducantal.fr\/#\/schema\/logo\/image\/"},"sameAs":["https:\/\/www.facebook.com\/p\/Syndicat-Aubrac-Cantalien-100072228158993\/"]}]}},"_links":{"self":[{"href":"https:\/\/syndicataubracducantal.fr\/index.php\/wp-json\/wp\/v2\/pages\/271","targetHints":{"allow":["GET"]}}],"collection":[{"href":"https:\/\/syndicataubracducantal.fr\/index.php\/wp-json\/wp\/v2\/pages"}],"about":[{"href":"https:\/\/syndicataubracducantal.fr\/index.php\/wp-json\/wp\/v2\/types\/page"}],"author":[{"embeddable":true,"href":"https:\/\/syndicataubracducantal.fr\/index.php\/wp-json\/wp\/v2\/users\/1"}],"replies":[{"embeddable":true,"href":"https:\/\/syndicataubracducantal.fr\/index.php\/wp-json\/wp\/v2\/comments?post=271"}],"version-history":[{"count":14,"href":"https:\/\/syndicataubracducantal.fr\/index.php\/wp-json\/wp\/v2\/pages\/271\/revisions"}],"predecessor-version":[{"id":310,"href":"https:\/\/syndicataubracducantal.fr\/index.php\/wp-json\/wp\/v2\/pages\/271\/revisions\/310"}],"wp:featuredmedia":[{"embeddable":true,"href":"https:\/\/syndicataubracducantal.fr\/index.php\/wp-json\/wp\/v2\/media\/272"}],"wp:attachment":[{"href":"https:\/\/syndicataubracducantal.fr\/index.php\/wp-json\/wp\/v2\/media?parent=271"}],"curies":[{"name":"wp","href":"https:\/\/api.w.org\/{rel}","templated":true}]}}