{"id":311,"date":"2025-06-24T10:12:40","date_gmt":"2025-06-24T08:12:40","guid":{"rendered":"https:\/\/syndicataubracducantal.fr\/?page_id=311"},"modified":"2025-06-24T14:24:37","modified_gmt":"2025-06-24T12:24:37","slug":"concours-departemental-2024","status":"publish","type":"page","link":"https:\/\/syndicataubracducantal.fr\/index.php\/concours-departemental-2024\/","title":{"rendered":"Concours d\u00e9partemental 2024"},"content":{"rendered":"\t\t<div data-elementor-type=\"wp-page\" data-elementor-id=\"311\" class=\"elementor elementor-311\">\n\t\t\t\t<div class=\"elementor-element elementor-element-1a8b2b8 e-flex e-con-boxed e-con e-parent\" data-id=\"1a8b2b8\" data-element_type=\"container\">\n\t\t\t\t\t<div class=\"e-con-inner\">\n\t\t\t\t<div class=\"elementor-element elementor-element-590fd6f elementor-widget elementor-widget-text-editor\" data-id=\"590fd6f\" data-element_type=\"widget\" data-widget_type=\"text-editor.default\">\n\t\t\t\t<div class=\"elementor-widget-container\">\n\t\t\t\t\t\t\t\t\t<p><em><strong>Retour sur le D\u00e9partemental Aubrac du Cantal\u00a0<\/strong><\/em><\/p>\t\t\t\t\t\t\t\t<\/div>\n\t\t\t\t<\/div>\n\t\t\t\t\t<\/div>\n\t\t\t\t<\/div>\n\t\t<div class=\"elementor-element elementor-element-53dd99d e-flex e-con-boxed e-con e-parent\" data-id=\"53dd99d\" data-element_type=\"container\">\n\t\t\t\t\t<div class=\"e-con-inner\">\n\t\t\t\t<div class=\"elementor-element elementor-element-bbe3fe5 elementor-widget elementor-widget-text-editor\" data-id=\"bbe3fe5\" data-element_type=\"widget\" data-widget_type=\"text-editor.default\">\n\t\t\t\t<div class=\"elementor-widget-container\">\n\t\t\t\t\t\t\t\t\t<p><em>Le 22 septembre a eu lieu, sur la commune de Chaudes- Aigues, le Concours D\u00e9partemental Cantalien de la race Aubrac. C&#8217;est sous une pluie diluvienne que 70 \u00e9leveurs \u00a0ont pr\u00e9sent\u00e9 390 animaux (5 Prix de Famille et 20 Prix d&#8217;Ensemble).Malgr\u00e9 les caprices du temps, nous avons re\u00e7u la visite M. le Pr\u00e9fet du Cantal, de M. le Sous-Pr\u00e9fet de St- Flour, du Pr\u00e9sident du D\u00e9partement &#8211; repr\u00e9sentant le Pr\u00e9sident de la R\u00e9gion AURA, des D\u00e9put\u00e9s et S\u00e9nateurs du Cantal, des \u00e9lus locaux, ainsi que des repr\u00e9sentants des institutions agricoles du D\u00e9partement. Un public nombreux \u00e9tait \u00e9galement pr\u00e9sent pour admirer la qualit\u00e9 des animaux expos\u00e9s.A cette occasion, nous avons remis la plaque d&#8217;ambassadeur de la race Aubrac \u00e0 Bernard Boyer, animateur de notre Syndicat et technicien \u00e0 Bovins Croissance, ainsi qu&#8217;\u00e0 M. Jean-Luc Girod, photographe, pour le travail et la promotion qu&#8217;ils accomplissent pour notre race.<\/em><\/p><p><em>Je souhaite remercier la municipalit\u00e9 de Chaudes-Aigues, les techniciens de la chambre d&#8217;Agriculture et de l&#8217;Union Aubrac, nos partenaires, les membres du jury, mais aussi nos nombreux b\u00e9n\u00e9voles, et bien s\u00fbr les \u00e9leveurs exposants pour la qualit\u00e9 de leurs animaux.<\/em><\/p><p><em>Nous vous donnons rendez-vous \u00e0 St-Flour pour l&#8217;\u00e9dition 2025!<\/em><\/p><p>Jean-Marie VIDALENC<br \/>Pr\u00e9sident du Syndicat Aubrac Cantalien<\/p>\t\t\t\t\t\t\t\t<\/div>\n\t\t\t\t<\/div>\n\t\t\t\t\t<\/div>\n\t\t\t\t<\/div>\n\t\t<div class=\"elementor-element elementor-element-81f2900 e-flex e-con-boxed e-con e-parent\" data-id=\"81f2900\" data-element_type=\"container\">\n\t\t\t\t\t<div class=\"e-con-inner\">\n\t\t\t\t<div class=\"elementor-element elementor-element-7b21f4c elementor-widget elementor-widget-text-editor\" data-id=\"7b21f4c\" data-element_type=\"widget\" data-widget_type=\"text-editor.default\">\n\t\t\t\t<div class=\"elementor-widget-container\">\n\t\t\t\t\t\t\t\t\t<p><em><strong>Extrait du Palmar\u00e8s<\/strong><\/em><\/p>\t\t\t\t\t\t\t\t<\/div>\n\t\t\t\t<\/div>\n\t\t<div class=\"elementor-element elementor-element-972026c e-grid e-con-full e-con e-child\" data-id=\"972026c\" data-element_type=\"container\">\n\t\t\t\t<div class=\"elementor-element elementor-element-ab6debc elementor-widget elementor-widget-text-editor\" data-id=\"ab6debc\" data-element_type=\"widget\" data-widget_type=\"text-editor.default\">\n\t\t\t\t<div class=\"elementor-widget-container\">\n\t\t\t\t\t\t\t\t\t<ul><li>CHALLENGE ESPOIR FEMELLE: TIANA &#8211;<br \/>GAEC ELEVAGE VIDALENC<\/li><li>CHAMPIONNE JEUNE RAPPEL: ONYX &#8211;<br \/>GAEC DE LADIGNAC<\/li><li>CHAMPIONNE JEUNE: SINCERE &#8211; GAEC<br \/>RAYNAL PHILIPPE ET FLORENCE<\/li><li>CHAMPIONNE ADULTE: JOLIE &#8211; GAEC<br \/>ELEVAGE VIDALENC<\/li><\/ul>\t\t\t\t\t\t\t\t<\/div>\n\t\t\t\t<\/div>\n\t\t\t\t<div class=\"elementor-element elementor-element-4ca4f47 elementor-widget elementor-widget-text-editor\" data-id=\"4ca4f47\" data-element_type=\"widget\" data-widget_type=\"text-editor.default\">\n\t\t\t\t<div class=\"elementor-widget-container\">\n\t\t\t\t\t\t\t\t\t<ul><li>MISS CHAUDES-AIGUES : NOBLE &#8211; GAEC DE LADIGNAC CHALLENGE<\/li><li>ESPOIR M\u00c2LE: TRESOR &#8211; GAEC BARRIOL BERTRAND ET ANTHONY &#8211; Naisseur : le propri\u00e9taire<\/li><li>CHAMPION ADULTE: ROYAL &#8211; GAEC GUIBAL<br \/>FRERES &#8211; Naisseur : GAEC DE CISSAC<\/li><\/ul>\t\t\t\t\t\t\t\t<\/div>\n\t\t\t\t<\/div>\n\t\t\t\t<div class=\"elementor-element elementor-element-54a0885 elementor-widget elementor-widget-text-editor\" data-id=\"54a0885\" data-element_type=\"widget\" data-widget_type=\"text-editor.default\">\n\t\t\t\t<div class=\"elementor-widget-container\">\n\t\t\t\t\t\t\t\t\t<ul><li>PRIX D&#8217;ENSEMBLE SENIOR (10 animaux) :<br \/>GAEC ELEVAGE VIDALENC<\/li><li>PRIX D&#8217;ENSEMBLE JUNIOR (6 animaux) :<br \/>GAEC RAYNAL PHILIPPE ET FLORENCE<\/li><li>PRIX DE FAMILLE FEMELLE : GAEC ELEVAGE VIDALENC<\/li><li>PRIX DE FAMILLE M\u00c2LE: GAEC POUDEVIGNE FRERES<\/li><\/ul>\t\t\t\t\t\t\t\t<\/div>\n\t\t\t\t<\/div>\n\t\t\t\t<\/div>\n\t\t\t\t\t<\/div>\n\t\t\t\t<\/div>\n\t\t<div class=\"elementor-element elementor-element-adc4598 e-flex e-con-boxed e-con e-parent\" data-id=\"adc4598\" data-element_type=\"container\">\n\t\t\t\t\t<div class=\"e-con-inner\">\n\t\t\t\t<div class=\"elementor-element elementor-element-06cf5c2 elementor-widget elementor-widget-text-editor\" data-id=\"06cf5c2\" data-element_type=\"widget\" data-widget_type=\"text-editor.default\">\n\t\t\t\t<div class=\"elementor-widget-container\">\n\t\t\t\t\t\t\t\t\t<p><em><strong>Retour sur le concours \u00e0 Chaude-Aigues\u00a0<\/strong><\/em><\/p>\t\t\t\t\t\t\t\t<\/div>\n\t\t\t\t<\/div>\n\t\t\t\t<div class=\"elementor-element elementor-element-638b15e elementor-widget elementor-widget-video\" data-id=\"638b15e\" data-element_type=\"widget\" data-settings=\"{&quot;video_type&quot;:&quot;hosted&quot;,&quot;autoplay&quot;:&quot;yes&quot;,&quot;controls&quot;:&quot;yes&quot;}\" data-widget_type=\"video.default\">\n\t\t\t\t<div class=\"elementor-widget-container\">\n\t\t\t\t\t\t\t<div class=\"e-hosted-video elementor-wrapper elementor-open-inline\">\n\t\t\t\t\t<video class=\"elementor-video\" src=\"https:\/\/syndicataubracducantal.fr\/wp-content\/uploads\/2025\/06\/Concours-2024.mp4\" autoplay=\"\" controls=\"\" controlsList=\"nodownload\"><\/video>\n\t\t\t\t<\/div>\n\t\t\t\t\t\t<\/div>\n\t\t\t\t<\/div>\n\t\t\t\t\t<\/div>\n\t\t\t\t<\/div>\n\t\t\t\t<\/div>\n\t\t","protected":false},"excerpt":{"rendered":"<p>Retour sur le D\u00e9partemental Aubrac du Cantal\u00a0 Le 22 septembre a eu lieu, sur la commune de Chaudes- Aigues, le Concours D\u00e9partemental Cantalien de la race Aubrac. C&#8217;est sous une pluie diluvienne que 70 \u00e9leveurs \u00a0ont pr\u00e9sent\u00e9 390 animaux (5 Prix de Famille et 20 Prix d&#8217;Ensemble).Malgr\u00e9 les caprices du temps, nous avons re\u00e7u la &hellip; <\/p>\n<p class=\"link-more\"><a href=\"https:\/\/syndicataubracducantal.fr\/index.php\/concours-departemental-2024\/\" class=\"more-link\">Lire la suite de<span class=\"screen-reader-text\">\u00ab\u00a0Concours d\u00e9partemental 2024\u00a0\u00bb<\/span><\/a><\/p>\n","protected":false},"author":1,"featured_media":320,"parent":0,"menu_order":0,"comment_status":"closed","ping_status":"closed","template":"","meta":{"footnotes":""},"class_list":["post-311","page","type-page","status-publish","has-post-thumbnail","hentry"],"yoast_head":"<!-- This site is optimized with the Yoast SEO plugin v25.7 - https:\/\/yoast.com\/wordpress\/plugins\/seo\/ -->\n<title>Concours d\u00e9partemental 2024 -<\/title>\n<meta name=\"robots\" content=\"noindex, follow, max-snippet:-1, max-image-preview:large, max-video-preview:-1\" \/>\n<meta property=\"og:locale\" content=\"fr_FR\" \/>\n<meta property=\"og:type\" content=\"article\" \/>\n<meta property=\"og:title\" content=\"Concours d\u00e9partemental 2024 -\" \/>\n<meta property=\"og:description\" content=\"Retour sur le D\u00e9partemental Aubrac du Cantal\u00a0 Le 22 septembre a eu lieu, sur la commune de Chaudes- Aigues, le Concours D\u00e9partemental Cantalien de la race Aubrac. C&#8217;est sous une pluie diluvienne que 70 \u00e9leveurs \u00a0ont pr\u00e9sent\u00e9 390 animaux (5 Prix de Famille et 20 Prix d&#8217;Ensemble).Malgr\u00e9 les caprices du temps, nous avons re\u00e7u la &hellip; Lire la suite de\u00ab\u00a0Concours d\u00e9partemental 2024\u00a0\u00bb\" \/>\n<meta property=\"og:url\" content=\"https:\/\/syndicataubracducantal.fr\/index.php\/concours-departemental-2024\/\" \/>\n<meta property=\"article:publisher\" content=\"https:\/\/www.facebook.com\/p\/Syndicat-Aubrac-Cantalien-100072228158993\/\" \/>\n<meta property=\"article:modified_time\" content=\"2025-06-24T12:24:37+00:00\" \/>\n<meta property=\"og:image\" content=\"https:\/\/syndicataubracducantal.fr\/wp-content\/uploads\/2025\/06\/G24_1107W.jpg\" \/>\n\t<meta property=\"og:image:width\" content=\"2100\" \/>\n\t<meta property=\"og:image:height\" content=\"1400\" \/>\n\t<meta property=\"og:image:type\" content=\"image\/jpeg\" \/>\n<meta name=\"twitter:card\" content=\"summary_large_image\" \/>\n<meta name=\"twitter:label1\" content=\"Dur\u00e9e de lecture estim\u00e9e\" \/>\n\t<meta name=\"twitter:data1\" content=\"2 minutes\" \/>\n<script type=\"application\/ld+json\" class=\"yoast-schema-graph\">{\"@context\":\"https:\/\/schema.org\",\"@graph\":[{\"@type\":\"WebPage\",\"@id\":\"https:\/\/syndicataubracducantal.fr\/index.php\/concours-departemental-2024\/\",\"url\":\"https:\/\/syndicataubracducantal.fr\/index.php\/concours-departemental-2024\/\",\"name\":\"Concours d\u00e9partemental 2024 -\",\"isPartOf\":{\"@id\":\"https:\/\/syndicataubracducantal.fr\/#website\"},\"primaryImageOfPage\":{\"@id\":\"https:\/\/syndicataubracducantal.fr\/index.php\/concours-departemental-2024\/#primaryimage\"},\"image\":{\"@id\":\"https:\/\/syndicataubracducantal.fr\/index.php\/concours-departemental-2024\/#primaryimage\"},\"thumbnailUrl\":\"https:\/\/syndicataubracducantal.fr\/wp-content\/uploads\/2025\/06\/G24_1107W.jpg\",\"datePublished\":\"2025-06-24T08:12:40+00:00\",\"dateModified\":\"2025-06-24T12:24:37+00:00\",\"breadcrumb\":{\"@id\":\"https:\/\/syndicataubracducantal.fr\/index.php\/concours-departemental-2024\/#breadcrumb\"},\"inLanguage\":\"fr-FR\",\"potentialAction\":[{\"@type\":\"ReadAction\",\"target\":[\"https:\/\/syndicataubracducantal.fr\/index.php\/concours-departemental-2024\/\"]}]},{\"@type\":\"ImageObject\",\"inLanguage\":\"fr-FR\",\"@id\":\"https:\/\/syndicataubracducantal.fr\/index.php\/concours-departemental-2024\/#primaryimage\",\"url\":\"https:\/\/syndicataubracducantal.fr\/wp-content\/uploads\/2025\/06\/G24_1107W.jpg\",\"contentUrl\":\"https:\/\/syndicataubracducantal.fr\/wp-content\/uploads\/2025\/06\/G24_1107W.jpg\",\"width\":2100,\"height\":1400},{\"@type\":\"BreadcrumbList\",\"@id\":\"https:\/\/syndicataubracducantal.fr\/index.php\/concours-departemental-2024\/#breadcrumb\",\"itemListElement\":[{\"@type\":\"ListItem\",\"position\":1,\"name\":\"Accueil\",\"item\":\"https:\/\/syndicataubracducantal.fr\/\"},{\"@type\":\"ListItem\",\"position\":2,\"name\":\"Concours d\u00e9partemental 2024\"}]},{\"@type\":\"WebSite\",\"@id\":\"https:\/\/syndicataubracducantal.fr\/#website\",\"url\":\"https:\/\/syndicataubracducantal.fr\/\",\"name\":\"syndicat aubrac du cantal\",\"description\":\"syndicat Aubrac du Cantal\",\"publisher\":{\"@id\":\"https:\/\/syndicataubracducantal.fr\/#organization\"},\"alternateName\":\"syndicat des \u00e9leveurs Aubrac Cantalien\",\"potentialAction\":[{\"@type\":\"SearchAction\",\"target\":{\"@type\":\"EntryPoint\",\"urlTemplate\":\"https:\/\/syndicataubracducantal.fr\/?s={search_term_string}\"},\"query-input\":{\"@type\":\"PropertyValueSpecification\",\"valueRequired\":true,\"valueName\":\"search_term_string\"}}],\"inLanguage\":\"fr-FR\"},{\"@type\":\"Organization\",\"@id\":\"https:\/\/syndicataubracducantal.fr\/#organization\",\"name\":\"syndicat aubrac du Cantal\",\"alternateName\":\"syndicat des \u00e9leveurs Aubrac Cantalien\",\"url\":\"https:\/\/syndicataubracducantal.fr\/\",\"logo\":{\"@type\":\"ImageObject\",\"inLanguage\":\"fr-FR\",\"@id\":\"https:\/\/syndicataubracducantal.fr\/#\/schema\/logo\/image\/\",\"url\":\"https:\/\/syndicataubracducantal.fr\/wp-content\/uploads\/2025\/06\/cropped-Design-sans-titre-21.png\",\"contentUrl\":\"https:\/\/syndicataubracducantal.fr\/wp-content\/uploads\/2025\/06\/cropped-Design-sans-titre-21.png\",\"width\":500,\"height\":336,\"caption\":\"syndicat aubrac du Cantal\"},\"image\":{\"@id\":\"https:\/\/syndicataubracducantal.fr\/#\/schema\/logo\/image\/\"},\"sameAs\":[\"https:\/\/www.facebook.com\/p\/Syndicat-Aubrac-Cantalien-100072228158993\/\"]}]}<\/script>\n<!-- \/ Yoast SEO plugin. -->","yoast_head_json":{"title":"Concours d\u00e9partemental 2024 -","robots":{"index":"noindex","follow":"follow","max-snippet":"max-snippet:-1","max-image-preview":"max-image-preview:large","max-video-preview":"max-video-preview:-1"},"og_locale":"fr_FR","og_type":"article","og_title":"Concours d\u00e9partemental 2024 -","og_description":"Retour sur le D\u00e9partemental Aubrac du Cantal\u00a0 Le 22 septembre a eu lieu, sur la commune de Chaudes- Aigues, le Concours D\u00e9partemental Cantalien de la race Aubrac. C&#8217;est sous une pluie diluvienne que 70 \u00e9leveurs \u00a0ont pr\u00e9sent\u00e9 390 animaux (5 Prix de Famille et 20 Prix d&#8217;Ensemble).Malgr\u00e9 les caprices du temps, nous avons re\u00e7u la &hellip; Lire la suite de\u00ab\u00a0Concours d\u00e9partemental 2024\u00a0\u00bb","og_url":"https:\/\/syndicataubracducantal.fr\/index.php\/concours-departemental-2024\/","article_publisher":"https:\/\/www.facebook.com\/p\/Syndicat-Aubrac-Cantalien-100072228158993\/","article_modified_time":"2025-06-24T12:24:37+00:00","og_image":[{"width":2100,"height":1400,"url":"https:\/\/syndicataubracducantal.fr\/wp-content\/uploads\/2025\/06\/G24_1107W.jpg","type":"image\/jpeg"}],"twitter_card":"summary_large_image","twitter_misc":{"Dur\u00e9e de lecture estim\u00e9e":"2 minutes"},"schema":{"@context":"https:\/\/schema.org","@graph":[{"@type":"WebPage","@id":"https:\/\/syndicataubracducantal.fr\/index.php\/concours-departemental-2024\/","url":"https:\/\/syndicataubracducantal.fr\/index.php\/concours-departemental-2024\/","name":"Concours d\u00e9partemental 2024 -","isPartOf":{"@id":"https:\/\/syndicataubracducantal.fr\/#website"},"primaryImageOfPage":{"@id":"https:\/\/syndicataubracducantal.fr\/index.php\/concours-departemental-2024\/#primaryimage"},"image":{"@id":"https:\/\/syndicataubracducantal.fr\/index.php\/concours-departemental-2024\/#primaryimage"},"thumbnailUrl":"https:\/\/syndicataubracducantal.fr\/wp-content\/uploads\/2025\/06\/G24_1107W.jpg","datePublished":"2025-06-24T08:12:40+00:00","dateModified":"2025-06-24T12:24:37+00:00","breadcrumb":{"@id":"https:\/\/syndicataubracducantal.fr\/index.php\/concours-departemental-2024\/#breadcrumb"},"inLanguage":"fr-FR","potentialAction":[{"@type":"ReadAction","target":["https:\/\/syndicataubracducantal.fr\/index.php\/concours-departemental-2024\/"]}]},{"@type":"ImageObject","inLanguage":"fr-FR","@id":"https:\/\/syndicataubracducantal.fr\/index.php\/concours-departemental-2024\/#primaryimage","url":"https:\/\/syndicataubracducantal.fr\/wp-content\/uploads\/2025\/06\/G24_1107W.jpg","contentUrl":"https:\/\/syndicataubracducantal.fr\/wp-content\/uploads\/2025\/06\/G24_1107W.jpg","width":2100,"height":1400},{"@type":"BreadcrumbList","@id":"https:\/\/syndicataubracducantal.fr\/index.php\/concours-departemental-2024\/#breadcrumb","itemListElement":[{"@type":"ListItem","position":1,"name":"Accueil","item":"https:\/\/syndicataubracducantal.fr\/"},{"@type":"ListItem","position":2,"name":"Concours d\u00e9partemental 2024"}]},{"@type":"WebSite","@id":"https:\/\/syndicataubracducantal.fr\/#website","url":"https:\/\/syndicataubracducantal.fr\/","name":"syndicat aubrac du cantal","description":"syndicat Aubrac du Cantal","publisher":{"@id":"https:\/\/syndicataubracducantal.fr\/#organization"},"alternateName":"syndicat des \u00e9leveurs Aubrac Cantalien","potentialAction":[{"@type":"SearchAction","target":{"@type":"EntryPoint","urlTemplate":"https:\/\/syndicataubracducantal.fr\/?s={search_term_string}"},"query-input":{"@type":"PropertyValueSpecification","valueRequired":true,"valueName":"search_term_string"}}],"inLanguage":"fr-FR"},{"@type":"Organization","@id":"https:\/\/syndicataubracducantal.fr\/#organization","name":"syndicat aubrac du Cantal","alternateName":"syndicat des \u00e9leveurs Aubrac Cantalien","url":"https:\/\/syndicataubracducantal.fr\/","logo":{"@type":"ImageObject","inLanguage":"fr-FR","@id":"https:\/\/syndicataubracducantal.fr\/#\/schema\/logo\/image\/","url":"https:\/\/syndicataubracducantal.fr\/wp-content\/uploads\/2025\/06\/cropped-Design-sans-titre-21.png","contentUrl":"https:\/\/syndicataubracducantal.fr\/wp-content\/uploads\/2025\/06\/cropped-Design-sans-titre-21.png","width":500,"height":336,"caption":"syndicat aubrac du Cantal"},"image":{"@id":"https:\/\/syndicataubracducantal.fr\/#\/schema\/logo\/image\/"},"sameAs":["https:\/\/www.facebook.com\/p\/Syndicat-Aubrac-Cantalien-100072228158993\/"]}]}},"_links":{"self":[{"href":"https:\/\/syndicataubracducantal.fr\/index.php\/wp-json\/wp\/v2\/pages\/311","targetHints":{"allow":["GET"]}}],"collection":[{"href":"https:\/\/syndicataubracducantal.fr\/index.php\/wp-json\/wp\/v2\/pages"}],"about":[{"href":"https:\/\/syndicataubracducantal.fr\/index.php\/wp-json\/wp\/v2\/types\/page"}],"author":[{"embeddable":true,"href":"https:\/\/syndicataubracducantal.fr\/index.php\/wp-json\/wp\/v2\/users\/1"}],"replies":[{"embeddable":true,"href":"https:\/\/syndicataubracducantal.fr\/index.php\/wp-json\/wp\/v2\/comments?post=311"}],"version-history":[{"count":17,"href":"https:\/\/syndicataubracducantal.fr\/index.php\/wp-json\/wp\/v2\/pages\/311\/revisions"}],"predecessor-version":[{"id":335,"href":"https:\/\/syndicataubracducantal.fr\/index.php\/wp-json\/wp\/v2\/pages\/311\/revisions\/335"}],"wp:featuredmedia":[{"embeddable":true,"href":"https:\/\/syndicataubracducantal.fr\/index.php\/wp-json\/wp\/v2\/media\/320"}],"wp:attachment":[{"href":"https:\/\/syndicataubracducantal.fr\/index.php\/wp-json\/wp\/v2\/media?parent=311"}],"curies":[{"name":"wp","href":"https:\/\/api.w.org\/{rel}","templated":true}]}}