{"id":40,"date":"2025-06-04T17:45:38","date_gmt":"2025-06-04T15:45:38","guid":{"rendered":"https:\/\/syndicataubracducantal.fr\/?page_id=40"},"modified":"2025-08-20T10:00:01","modified_gmt":"2025-08-20T08:00:01","slug":"accueil-syndicat-aubrac-du-cantal","status":"publish","type":"page","link":"https:\/\/syndicataubracducantal.fr\/","title":{"rendered":"Accueil"},"content":{"rendered":"\t\t<div data-elementor-type=\"wp-page\" data-elementor-id=\"40\" class=\"elementor elementor-40\">\n\t\t\t\t<div class=\"elementor-element elementor-element-f44d49d e-flex e-con-boxed e-con e-parent\" data-id=\"f44d49d\" data-element_type=\"container\">\n\t\t\t\t\t<div class=\"e-con-inner\">\n\t\t\t\t<div class=\"elementor-element elementor-element-0740f8a elementor-widget elementor-widget-text-editor\" data-id=\"0740f8a\" data-element_type=\"widget\" data-widget_type=\"text-editor.default\">\n\t\t\t\t<div class=\"elementor-widget-container\">\n\t\t\t\t\t\t\t\t\t<p><em><strong>Chers visiteurs, amis \u00e9leveurs, bienvenue sur le site des \u00e9leveurs Aubrac Cantalien.\u00a0<\/strong><\/em><\/p>\t\t\t\t\t\t\t\t<\/div>\n\t\t\t\t<\/div>\n\t\t\t\t\t<\/div>\n\t\t\t\t<\/div>\n\t\t<div class=\"elementor-element elementor-element-5231e6e e-flex e-con-boxed e-con e-parent\" data-id=\"5231e6e\" data-element_type=\"container\">\n\t\t\t\t\t<div class=\"e-con-inner\">\n\t\t\t\t<div class=\"elementor-element elementor-element-fb3736a elementor-widget elementor-widget-text-editor\" data-id=\"fb3736a\" data-element_type=\"widget\" data-widget_type=\"text-editor.default\">\n\t\t\t\t<div class=\"elementor-widget-container\">\n\t\t\t\t\t\t\t\t\t<p><em>Cette ann\u00e9e marque une \u00e9tape importante pour notre syndicat, avec la mise en avant de notre site internet actualis\u00e9, v\u00e9ritable vitrine de notre activit\u00e9. <\/em><\/p><p><em>Vous y trouverez les actualit\u00e9s du syndicat, les dates des diff\u00e9rentes manifestations, les moments forts, ainsi que de nombreuses ressources autour de la race Aubrac dans notre d\u00e9partement.<\/em><\/p><p><em>Pour nos adh\u00e9rents, un espace d\u00e9di\u00e9 est d\u00e9sormais disponible.<\/em><br \/><em>Il permettra de s&#8217;inscrire directement en ligne aux diff\u00e9rents concours et d&#8217;acc\u00e9der \u00e0 des informations pratiques et exclusives.<\/em><\/p><p><em>Ce site est le reflet de notre volont\u00e9 de rester un syndicat dynamique, proche de ses \u00e9leveurs, tourn\u00e9 vers l&#8217;avenir, tout en restant profond\u00e9ment enracin\u00e9 dans ses valeurs.<\/em><\/p><p><em>Nous vous invitons \u00e0 d\u00e9couvrir sans plus attendre ce nouvel outil, pens\u00e9 pour vous et avec vous.<\/em><\/p><p><em>Bonne visite sur notre site, et merci de faire vivre avec nous la passion de la race Aubrac !<\/em><\/p><p>\u00a0<\/p><p>\u00a0<\/p><p>Jean-Marie Vidalenc\u00a0<\/p><p>Pr\u00e9sident du syndicat des \u00e9leveurs aubrac du cantal<\/p>\t\t\t\t\t\t\t\t<\/div>\n\t\t\t\t<\/div>\n\t\t\t\t\t<\/div>\n\t\t\t\t<\/div>\n\t\t\t\t<\/div>\n\t\t","protected":false},"excerpt":{"rendered":"<p>Chers visiteurs, amis \u00e9leveurs, bienvenue sur le site des \u00e9leveurs Aubrac Cantalien.\u00a0 Cette ann\u00e9e marque une \u00e9tape importante pour notre syndicat, avec la mise en avant de notre site internet actualis\u00e9, v\u00e9ritable vitrine de notre activit\u00e9. Vous y trouverez les actualit\u00e9s du syndicat, les dates des diff\u00e9rentes manifestations, les moments forts, ainsi que de nombreuses &hellip; <\/p>\n<p class=\"link-more\"><a href=\"https:\/\/syndicataubracducantal.fr\/\" class=\"more-link\">Lire la suite de<span class=\"screen-reader-text\">\u00ab\u00a0Accueil\u00a0\u00bb<\/span><\/a><\/p>\n","protected":false},"author":1,"featured_media":0,"parent":0,"menu_order":0,"comment_status":"closed","ping_status":"closed","template":"","meta":{"footnotes":""},"class_list":["post-40","page","type-page","status-publish","hentry"],"yoast_head":"<!-- This site is optimized with the Yoast SEO plugin v25.7 - https:\/\/yoast.com\/wordpress\/plugins\/seo\/ -->\n<title>Accueil -<\/title>\n<meta name=\"description\" content=\"Restez inform\u00e9 sur le syndicat Aubrac du Cantal avec des dates d&#039;\u00e9v\u00e9nements, des concours et des ressources pour \u00e9leveurs.\" \/>\n<meta name=\"robots\" content=\"noindex, follow, max-snippet:-1, max-image-preview:large, max-video-preview:-1\" \/>\n<meta property=\"og:locale\" content=\"fr_FR\" \/>\n<meta property=\"og:type\" content=\"article\" \/>\n<meta property=\"og:title\" content=\"Accueil -\" \/>\n<meta property=\"og:description\" content=\"Restez inform\u00e9 sur le syndicat Aubrac du Cantal avec des dates d&#039;\u00e9v\u00e9nements, des concours et des ressources pour \u00e9leveurs.\" \/>\n<meta property=\"og:url\" content=\"https:\/\/syndicataubracducantal.fr\/\" \/>\n<meta property=\"article:publisher\" content=\"https:\/\/www.facebook.com\/p\/Syndicat-Aubrac-Cantalien-100072228158993\/\" \/>\n<meta property=\"article:modified_time\" content=\"2025-08-20T08:00:01+00:00\" \/>\n<meta property=\"og:image\" content=\"https:\/\/syndicataubracducantal.fr\/wp-content\/uploads\/2025\/06\/cropped-Design-sans-titre-21.png\" \/>\n\t<meta property=\"og:image:width\" content=\"500\" \/>\n\t<meta property=\"og:image:height\" content=\"336\" \/>\n\t<meta property=\"og:image:type\" content=\"image\/png\" \/>\n<meta name=\"twitter:card\" content=\"summary_large_image\" \/>\n<meta name=\"twitter:label1\" content=\"Dur\u00e9e de lecture estim\u00e9e\" \/>\n\t<meta name=\"twitter:data1\" content=\"1 minute\" \/>\n<script type=\"application\/ld+json\" class=\"yoast-schema-graph\">{\"@context\":\"https:\/\/schema.org\",\"@graph\":[{\"@type\":\"WebPage\",\"@id\":\"https:\/\/syndicataubracducantal.fr\/\",\"url\":\"https:\/\/syndicataubracducantal.fr\/\",\"name\":\"Accueil -\",\"isPartOf\":{\"@id\":\"https:\/\/syndicataubracducantal.fr\/#website\"},\"datePublished\":\"2025-06-04T15:45:38+00:00\",\"dateModified\":\"2025-08-20T08:00:01+00:00\",\"description\":\"Restez inform\u00e9 sur le syndicat Aubrac du Cantal avec des dates d'\u00e9v\u00e9nements, des concours et des ressources pour \u00e9leveurs.\",\"breadcrumb\":{\"@id\":\"https:\/\/syndicataubracducantal.fr\/#breadcrumb\"},\"inLanguage\":\"fr-FR\",\"potentialAction\":[{\"@type\":\"ReadAction\",\"target\":[\"https:\/\/syndicataubracducantal.fr\/\"]}]},{\"@type\":\"BreadcrumbList\",\"@id\":\"https:\/\/syndicataubracducantal.fr\/#breadcrumb\",\"itemListElement\":[{\"@type\":\"ListItem\",\"position\":1,\"name\":\"Accueil\",\"item\":\"https:\/\/syndicataubracducantal.fr\/\"},{\"@type\":\"ListItem\",\"position\":2,\"name\":\"Accueil\"}]},{\"@type\":\"WebSite\",\"@id\":\"https:\/\/syndicataubracducantal.fr\/#website\",\"url\":\"https:\/\/syndicataubracducantal.fr\/\",\"name\":\"syndicat aubrac du cantal\",\"description\":\"syndicat Aubrac du Cantal\",\"publisher\":{\"@id\":\"https:\/\/syndicataubracducantal.fr\/#organization\"},\"alternateName\":\"syndicat des \u00e9leveurs Aubrac Cantalien\",\"potentialAction\":[{\"@type\":\"SearchAction\",\"target\":{\"@type\":\"EntryPoint\",\"urlTemplate\":\"https:\/\/syndicataubracducantal.fr\/?s={search_term_string}\"},\"query-input\":{\"@type\":\"PropertyValueSpecification\",\"valueRequired\":true,\"valueName\":\"search_term_string\"}}],\"inLanguage\":\"fr-FR\"},{\"@type\":\"Organization\",\"@id\":\"https:\/\/syndicataubracducantal.fr\/#organization\",\"name\":\"syndicat aubrac du Cantal\",\"alternateName\":\"syndicat des \u00e9leveurs Aubrac Cantalien\",\"url\":\"https:\/\/syndicataubracducantal.fr\/\",\"logo\":{\"@type\":\"ImageObject\",\"inLanguage\":\"fr-FR\",\"@id\":\"https:\/\/syndicataubracducantal.fr\/#\/schema\/logo\/image\/\",\"url\":\"https:\/\/syndicataubracducantal.fr\/wp-content\/uploads\/2025\/06\/cropped-Design-sans-titre-21.png\",\"contentUrl\":\"https:\/\/syndicataubracducantal.fr\/wp-content\/uploads\/2025\/06\/cropped-Design-sans-titre-21.png\",\"width\":500,\"height\":336,\"caption\":\"syndicat aubrac du Cantal\"},\"image\":{\"@id\":\"https:\/\/syndicataubracducantal.fr\/#\/schema\/logo\/image\/\"},\"sameAs\":[\"https:\/\/www.facebook.com\/p\/Syndicat-Aubrac-Cantalien-100072228158993\/\"]}]}<\/script>\n<!-- \/ Yoast SEO plugin. -->","yoast_head_json":{"title":"Accueil -","description":"Restez inform\u00e9 sur le syndicat Aubrac du Cantal avec des dates d'\u00e9v\u00e9nements, des concours et des ressources pour \u00e9leveurs.","robots":{"index":"noindex","follow":"follow","max-snippet":"max-snippet:-1","max-image-preview":"max-image-preview:large","max-video-preview":"max-video-preview:-1"},"og_locale":"fr_FR","og_type":"article","og_title":"Accueil -","og_description":"Restez inform\u00e9 sur le syndicat Aubrac du Cantal avec des dates d'\u00e9v\u00e9nements, des concours et des ressources pour \u00e9leveurs.","og_url":"https:\/\/syndicataubracducantal.fr\/","article_publisher":"https:\/\/www.facebook.com\/p\/Syndicat-Aubrac-Cantalien-100072228158993\/","article_modified_time":"2025-08-20T08:00:01+00:00","og_image":[{"width":500,"height":336,"url":"https:\/\/syndicataubracducantal.fr\/wp-content\/uploads\/2025\/06\/cropped-Design-sans-titre-21.png","type":"image\/png"}],"twitter_card":"summary_large_image","twitter_misc":{"Dur\u00e9e de lecture estim\u00e9e":"1 minute"},"schema":{"@context":"https:\/\/schema.org","@graph":[{"@type":"WebPage","@id":"https:\/\/syndicataubracducantal.fr\/","url":"https:\/\/syndicataubracducantal.fr\/","name":"Accueil -","isPartOf":{"@id":"https:\/\/syndicataubracducantal.fr\/#website"},"datePublished":"2025-06-04T15:45:38+00:00","dateModified":"2025-08-20T08:00:01+00:00","description":"Restez inform\u00e9 sur le syndicat Aubrac du Cantal avec des dates d'\u00e9v\u00e9nements, des concours et des ressources pour \u00e9leveurs.","breadcrumb":{"@id":"https:\/\/syndicataubracducantal.fr\/#breadcrumb"},"inLanguage":"fr-FR","potentialAction":[{"@type":"ReadAction","target":["https:\/\/syndicataubracducantal.fr\/"]}]},{"@type":"BreadcrumbList","@id":"https:\/\/syndicataubracducantal.fr\/#breadcrumb","itemListElement":[{"@type":"ListItem","position":1,"name":"Accueil","item":"https:\/\/syndicataubracducantal.fr\/"},{"@type":"ListItem","position":2,"name":"Accueil"}]},{"@type":"WebSite","@id":"https:\/\/syndicataubracducantal.fr\/#website","url":"https:\/\/syndicataubracducantal.fr\/","name":"syndicat aubrac du cantal","description":"syndicat Aubrac du Cantal","publisher":{"@id":"https:\/\/syndicataubracducantal.fr\/#organization"},"alternateName":"syndicat des \u00e9leveurs Aubrac Cantalien","potentialAction":[{"@type":"SearchAction","target":{"@type":"EntryPoint","urlTemplate":"https:\/\/syndicataubracducantal.fr\/?s={search_term_string}"},"query-input":{"@type":"PropertyValueSpecification","valueRequired":true,"valueName":"search_term_string"}}],"inLanguage":"fr-FR"},{"@type":"Organization","@id":"https:\/\/syndicataubracducantal.fr\/#organization","name":"syndicat aubrac du Cantal","alternateName":"syndicat des \u00e9leveurs Aubrac Cantalien","url":"https:\/\/syndicataubracducantal.fr\/","logo":{"@type":"ImageObject","inLanguage":"fr-FR","@id":"https:\/\/syndicataubracducantal.fr\/#\/schema\/logo\/image\/","url":"https:\/\/syndicataubracducantal.fr\/wp-content\/uploads\/2025\/06\/cropped-Design-sans-titre-21.png","contentUrl":"https:\/\/syndicataubracducantal.fr\/wp-content\/uploads\/2025\/06\/cropped-Design-sans-titre-21.png","width":500,"height":336,"caption":"syndicat aubrac du Cantal"},"image":{"@id":"https:\/\/syndicataubracducantal.fr\/#\/schema\/logo\/image\/"},"sameAs":["https:\/\/www.facebook.com\/p\/Syndicat-Aubrac-Cantalien-100072228158993\/"]}]}},"_links":{"self":[{"href":"https:\/\/syndicataubracducantal.fr\/index.php\/wp-json\/wp\/v2\/pages\/40","targetHints":{"allow":["GET"]}}],"collection":[{"href":"https:\/\/syndicataubracducantal.fr\/index.php\/wp-json\/wp\/v2\/pages"}],"about":[{"href":"https:\/\/syndicataubracducantal.fr\/index.php\/wp-json\/wp\/v2\/types\/page"}],"author":[{"embeddable":true,"href":"https:\/\/syndicataubracducantal.fr\/index.php\/wp-json\/wp\/v2\/users\/1"}],"replies":[{"embeddable":true,"href":"https:\/\/syndicataubracducantal.fr\/index.php\/wp-json\/wp\/v2\/comments?post=40"}],"version-history":[{"count":25,"href":"https:\/\/syndicataubracducantal.fr\/index.php\/wp-json\/wp\/v2\/pages\/40\/revisions"}],"predecessor-version":[{"id":487,"href":"https:\/\/syndicataubracducantal.fr\/index.php\/wp-json\/wp\/v2\/pages\/40\/revisions\/487"}],"wp:attachment":[{"href":"https:\/\/syndicataubracducantal.fr\/index.php\/wp-json\/wp\/v2\/media?parent=40"}],"curies":[{"name":"wp","href":"https:\/\/api.w.org\/{rel}","templated":true}]}}