{"id":45,"date":"2025-06-04T17:47:21","date_gmt":"2025-06-04T15:47:21","guid":{"rendered":"https:\/\/syndicataubracducantal.fr\/?page_id=45"},"modified":"2025-06-09T18:48:04","modified_gmt":"2025-06-09T16:48:04","slug":"le-syndicat","status":"publish","type":"page","link":"https:\/\/syndicataubracducantal.fr\/index.php\/le-syndicat\/","title":{"rendered":"Le syndicat"},"content":{"rendered":"\t\t<div data-elementor-type=\"wp-page\" data-elementor-id=\"45\" class=\"elementor elementor-45\">\n\t\t\t\t<div class=\"elementor-element elementor-element-c41e4a5 e-flex e-con-boxed e-con e-parent\" data-id=\"c41e4a5\" data-element_type=\"container\">\n\t\t\t\t\t<div class=\"e-con-inner\">\n\t\t\t\t<div class=\"elementor-element elementor-element-98420c1 elementor-widget elementor-widget-text-editor\" data-id=\"98420c1\" data-element_type=\"widget\" data-widget_type=\"text-editor.default\">\n\t\t\t\t<div class=\"elementor-widget-container\">\n\t\t\t\t\t\t\t\t\t<p>Le Syndicat Aubrac du Cantal rassemble les \u00e9leveurs de vaches de race Aubrac du d\u00e9partement et a pour mission de d\u00e9fendre leurs int\u00e9r\u00eats tout en valorisant cette race bovine embl\u00e9matique. Il promeut la race Aubrac en mettant en avant ses qualit\u00e9s et son importance pour le territoire, notamment \u00e0 travers l\u2019organisation d\u2019\u00e9v\u00e9nements conviviaux (concours agricoles, foires locales, portes ouvertes dans les fermes). Le syndicat accompagne \u00e9galement les \u00e9leveurs dans l\u2019am\u00e9lioration g\u00e9n\u00e9tique de leurs troupeaux\u00a0: il les conseille dans la s\u00e9lection des animaux et les aide \u00e0 b\u00e9n\u00e9ficier de programmes ou d\u2019aides pour acqu\u00e9rir des reproducteurs de qualit\u00e9. Gr\u00e2ce \u00e0 l\u2019ensemble de ces actions, le Syndicat Aubrac du Cantal contribue \u00e0 promouvoir la race Aubrac et \u00e0 maintenir une agriculture locale dynamique.<\/p>\t\t\t\t\t\t\t\t<\/div>\n\t\t\t\t<\/div>\n\t\t\t\t\t<\/div>\n\t\t\t\t<\/div>\n\t\t<div class=\"elementor-element elementor-element-8119c2e e-flex e-con-boxed e-con e-parent\" data-id=\"8119c2e\" data-element_type=\"container\">\n\t\t\t\t\t<div class=\"e-con-inner\">\n\t\t\t\t<div class=\"elementor-element elementor-element-9b8ba1e elementor-widget elementor-widget-image\" data-id=\"9b8ba1e\" data-element_type=\"widget\" data-widget_type=\"image.default\">\n\t\t\t\t<div class=\"elementor-widget-container\">\n\t\t\t\t\t\t\t\t\t\t\t\t\t\t\t<img fetchpriority=\"high\" decoding=\"async\" width=\"500\" height=\"336\" src=\"https:\/\/syndicataubracducantal.fr\/wp-content\/uploads\/2025\/06\/cropped-Design-sans-titre-21.png\" class=\"attachment-large size-large wp-image-36\" alt=\"\" srcset=\"https:\/\/syndicataubracducantal.fr\/wp-content\/uploads\/2025\/06\/cropped-Design-sans-titre-21.png 500w, https:\/\/syndicataubracducantal.fr\/wp-content\/uploads\/2025\/06\/cropped-Design-sans-titre-21-300x202.png 300w\" sizes=\"100vw\" \/>\t\t\t\t\t\t\t\t\t\t\t\t\t\t\t<\/div>\n\t\t\t\t<\/div>\n\t\t\t\t\t<\/div>\n\t\t\t\t<\/div>\n\t\t\t\t<\/div>\n\t\t","protected":false},"excerpt":{"rendered":"<p>Le Syndicat Aubrac du Cantal rassemble les \u00e9leveurs de vaches de race Aubrac du d\u00e9partement et a pour mission de d\u00e9fendre leurs int\u00e9r\u00eats tout en valorisant cette race bovine embl\u00e9matique. Il promeut la race Aubrac en mettant en avant ses qualit\u00e9s et son importance pour le territoire, notamment \u00e0 travers l\u2019organisation d\u2019\u00e9v\u00e9nements conviviaux (concours agricoles, &hellip; <\/p>\n<p class=\"link-more\"><a href=\"https:\/\/syndicataubracducantal.fr\/index.php\/le-syndicat\/\" class=\"more-link\">Lire la suite de<span class=\"screen-reader-text\">\u00ab\u00a0Le syndicat\u00a0\u00bb<\/span><\/a><\/p>\n","protected":false},"author":1,"featured_media":95,"parent":0,"menu_order":0,"comment_status":"closed","ping_status":"closed","template":"","meta":{"footnotes":""},"class_list":["post-45","page","type-page","status-publish","has-post-thumbnail","hentry"],"yoast_head":"<!-- This site is optimized with the Yoast SEO plugin v25.7 - https:\/\/yoast.com\/wordpress\/plugins\/seo\/ -->\n<title>Le syndicat -<\/title>\n<meta name=\"robots\" content=\"noindex, follow, max-snippet:-1, max-image-preview:large, max-video-preview:-1\" \/>\n<meta property=\"og:locale\" content=\"fr_FR\" \/>\n<meta property=\"og:type\" content=\"article\" \/>\n<meta property=\"og:title\" content=\"Le syndicat -\" \/>\n<meta property=\"og:description\" content=\"Le Syndicat Aubrac du Cantal rassemble les \u00e9leveurs de vaches de race Aubrac du d\u00e9partement et a pour mission de d\u00e9fendre leurs int\u00e9r\u00eats tout en valorisant cette race bovine embl\u00e9matique. Il promeut la race Aubrac en mettant en avant ses qualit\u00e9s et son importance pour le territoire, notamment \u00e0 travers l\u2019organisation d\u2019\u00e9v\u00e9nements conviviaux (concours agricoles, &hellip; Lire la suite de\u00ab\u00a0Le syndicat\u00a0\u00bb\" \/>\n<meta property=\"og:url\" content=\"https:\/\/syndicataubracducantal.fr\/index.php\/le-syndicat\/\" \/>\n<meta property=\"article:publisher\" content=\"https:\/\/www.facebook.com\/p\/Syndicat-Aubrac-Cantalien-100072228158993\/\" \/>\n<meta property=\"article:modified_time\" content=\"2025-06-09T16:48:04+00:00\" \/>\n<meta property=\"og:image\" content=\"https:\/\/syndicataubracducantal.fr\/wp-content\/uploads\/2025\/06\/Design-sans-titre-7.jpg\" \/>\n\t<meta property=\"og:image:width\" content=\"1366\" \/>\n\t<meta property=\"og:image:height\" content=\"768\" \/>\n\t<meta property=\"og:image:type\" content=\"image\/jpeg\" \/>\n<meta name=\"twitter:card\" content=\"summary_large_image\" \/>\n<meta name=\"twitter:label1\" content=\"Dur\u00e9e de lecture estim\u00e9e\" \/>\n\t<meta name=\"twitter:data1\" content=\"1 minute\" \/>\n<script type=\"application\/ld+json\" class=\"yoast-schema-graph\">{\"@context\":\"https:\/\/schema.org\",\"@graph\":[{\"@type\":\"WebPage\",\"@id\":\"https:\/\/syndicataubracducantal.fr\/index.php\/le-syndicat\/\",\"url\":\"https:\/\/syndicataubracducantal.fr\/index.php\/le-syndicat\/\",\"name\":\"Le syndicat -\",\"isPartOf\":{\"@id\":\"https:\/\/syndicataubracducantal.fr\/#website\"},\"primaryImageOfPage\":{\"@id\":\"https:\/\/syndicataubracducantal.fr\/index.php\/le-syndicat\/#primaryimage\"},\"image\":{\"@id\":\"https:\/\/syndicataubracducantal.fr\/index.php\/le-syndicat\/#primaryimage\"},\"thumbnailUrl\":\"https:\/\/syndicataubracducantal.fr\/wp-content\/uploads\/2025\/06\/Design-sans-titre-7.jpg\",\"datePublished\":\"2025-06-04T15:47:21+00:00\",\"dateModified\":\"2025-06-09T16:48:04+00:00\",\"breadcrumb\":{\"@id\":\"https:\/\/syndicataubracducantal.fr\/index.php\/le-syndicat\/#breadcrumb\"},\"inLanguage\":\"fr-FR\",\"potentialAction\":[{\"@type\":\"ReadAction\",\"target\":[\"https:\/\/syndicataubracducantal.fr\/index.php\/le-syndicat\/\"]}]},{\"@type\":\"ImageObject\",\"inLanguage\":\"fr-FR\",\"@id\":\"https:\/\/syndicataubracducantal.fr\/index.php\/le-syndicat\/#primaryimage\",\"url\":\"https:\/\/syndicataubracducantal.fr\/wp-content\/uploads\/2025\/06\/Design-sans-titre-7.jpg\",\"contentUrl\":\"https:\/\/syndicataubracducantal.fr\/wp-content\/uploads\/2025\/06\/Design-sans-titre-7.jpg\",\"width\":1366,\"height\":768},{\"@type\":\"BreadcrumbList\",\"@id\":\"https:\/\/syndicataubracducantal.fr\/index.php\/le-syndicat\/#breadcrumb\",\"itemListElement\":[{\"@type\":\"ListItem\",\"position\":1,\"name\":\"Accueil\",\"item\":\"https:\/\/syndicataubracducantal.fr\/\"},{\"@type\":\"ListItem\",\"position\":2,\"name\":\"Le syndicat\"}]},{\"@type\":\"WebSite\",\"@id\":\"https:\/\/syndicataubracducantal.fr\/#website\",\"url\":\"https:\/\/syndicataubracducantal.fr\/\",\"name\":\"syndicat aubrac du cantal\",\"description\":\"syndicat Aubrac du Cantal\",\"publisher\":{\"@id\":\"https:\/\/syndicataubracducantal.fr\/#organization\"},\"alternateName\":\"syndicat des \u00e9leveurs Aubrac Cantalien\",\"potentialAction\":[{\"@type\":\"SearchAction\",\"target\":{\"@type\":\"EntryPoint\",\"urlTemplate\":\"https:\/\/syndicataubracducantal.fr\/?s={search_term_string}\"},\"query-input\":{\"@type\":\"PropertyValueSpecification\",\"valueRequired\":true,\"valueName\":\"search_term_string\"}}],\"inLanguage\":\"fr-FR\"},{\"@type\":\"Organization\",\"@id\":\"https:\/\/syndicataubracducantal.fr\/#organization\",\"name\":\"syndicat aubrac du Cantal\",\"alternateName\":\"syndicat des \u00e9leveurs Aubrac Cantalien\",\"url\":\"https:\/\/syndicataubracducantal.fr\/\",\"logo\":{\"@type\":\"ImageObject\",\"inLanguage\":\"fr-FR\",\"@id\":\"https:\/\/syndicataubracducantal.fr\/#\/schema\/logo\/image\/\",\"url\":\"https:\/\/syndicataubracducantal.fr\/wp-content\/uploads\/2025\/06\/cropped-Design-sans-titre-21.png\",\"contentUrl\":\"https:\/\/syndicataubracducantal.fr\/wp-content\/uploads\/2025\/06\/cropped-Design-sans-titre-21.png\",\"width\":500,\"height\":336,\"caption\":\"syndicat aubrac du Cantal\"},\"image\":{\"@id\":\"https:\/\/syndicataubracducantal.fr\/#\/schema\/logo\/image\/\"},\"sameAs\":[\"https:\/\/www.facebook.com\/p\/Syndicat-Aubrac-Cantalien-100072228158993\/\"]}]}<\/script>\n<!-- \/ Yoast SEO plugin. -->","yoast_head_json":{"title":"Le syndicat -","robots":{"index":"noindex","follow":"follow","max-snippet":"max-snippet:-1","max-image-preview":"max-image-preview:large","max-video-preview":"max-video-preview:-1"},"og_locale":"fr_FR","og_type":"article","og_title":"Le syndicat -","og_description":"Le Syndicat Aubrac du Cantal rassemble les \u00e9leveurs de vaches de race Aubrac du d\u00e9partement et a pour mission de d\u00e9fendre leurs int\u00e9r\u00eats tout en valorisant cette race bovine embl\u00e9matique. Il promeut la race Aubrac en mettant en avant ses qualit\u00e9s et son importance pour le territoire, notamment \u00e0 travers l\u2019organisation d\u2019\u00e9v\u00e9nements conviviaux (concours agricoles, &hellip; Lire la suite de\u00ab\u00a0Le syndicat\u00a0\u00bb","og_url":"https:\/\/syndicataubracducantal.fr\/index.php\/le-syndicat\/","article_publisher":"https:\/\/www.facebook.com\/p\/Syndicat-Aubrac-Cantalien-100072228158993\/","article_modified_time":"2025-06-09T16:48:04+00:00","og_image":[{"width":1366,"height":768,"url":"https:\/\/syndicataubracducantal.fr\/wp-content\/uploads\/2025\/06\/Design-sans-titre-7.jpg","type":"image\/jpeg"}],"twitter_card":"summary_large_image","twitter_misc":{"Dur\u00e9e de lecture estim\u00e9e":"1 minute"},"schema":{"@context":"https:\/\/schema.org","@graph":[{"@type":"WebPage","@id":"https:\/\/syndicataubracducantal.fr\/index.php\/le-syndicat\/","url":"https:\/\/syndicataubracducantal.fr\/index.php\/le-syndicat\/","name":"Le syndicat -","isPartOf":{"@id":"https:\/\/syndicataubracducantal.fr\/#website"},"primaryImageOfPage":{"@id":"https:\/\/syndicataubracducantal.fr\/index.php\/le-syndicat\/#primaryimage"},"image":{"@id":"https:\/\/syndicataubracducantal.fr\/index.php\/le-syndicat\/#primaryimage"},"thumbnailUrl":"https:\/\/syndicataubracducantal.fr\/wp-content\/uploads\/2025\/06\/Design-sans-titre-7.jpg","datePublished":"2025-06-04T15:47:21+00:00","dateModified":"2025-06-09T16:48:04+00:00","breadcrumb":{"@id":"https:\/\/syndicataubracducantal.fr\/index.php\/le-syndicat\/#breadcrumb"},"inLanguage":"fr-FR","potentialAction":[{"@type":"ReadAction","target":["https:\/\/syndicataubracducantal.fr\/index.php\/le-syndicat\/"]}]},{"@type":"ImageObject","inLanguage":"fr-FR","@id":"https:\/\/syndicataubracducantal.fr\/index.php\/le-syndicat\/#primaryimage","url":"https:\/\/syndicataubracducantal.fr\/wp-content\/uploads\/2025\/06\/Design-sans-titre-7.jpg","contentUrl":"https:\/\/syndicataubracducantal.fr\/wp-content\/uploads\/2025\/06\/Design-sans-titre-7.jpg","width":1366,"height":768},{"@type":"BreadcrumbList","@id":"https:\/\/syndicataubracducantal.fr\/index.php\/le-syndicat\/#breadcrumb","itemListElement":[{"@type":"ListItem","position":1,"name":"Accueil","item":"https:\/\/syndicataubracducantal.fr\/"},{"@type":"ListItem","position":2,"name":"Le syndicat"}]},{"@type":"WebSite","@id":"https:\/\/syndicataubracducantal.fr\/#website","url":"https:\/\/syndicataubracducantal.fr\/","name":"syndicat aubrac du cantal","description":"syndicat Aubrac du Cantal","publisher":{"@id":"https:\/\/syndicataubracducantal.fr\/#organization"},"alternateName":"syndicat des \u00e9leveurs Aubrac Cantalien","potentialAction":[{"@type":"SearchAction","target":{"@type":"EntryPoint","urlTemplate":"https:\/\/syndicataubracducantal.fr\/?s={search_term_string}"},"query-input":{"@type":"PropertyValueSpecification","valueRequired":true,"valueName":"search_term_string"}}],"inLanguage":"fr-FR"},{"@type":"Organization","@id":"https:\/\/syndicataubracducantal.fr\/#organization","name":"syndicat aubrac du Cantal","alternateName":"syndicat des \u00e9leveurs Aubrac Cantalien","url":"https:\/\/syndicataubracducantal.fr\/","logo":{"@type":"ImageObject","inLanguage":"fr-FR","@id":"https:\/\/syndicataubracducantal.fr\/#\/schema\/logo\/image\/","url":"https:\/\/syndicataubracducantal.fr\/wp-content\/uploads\/2025\/06\/cropped-Design-sans-titre-21.png","contentUrl":"https:\/\/syndicataubracducantal.fr\/wp-content\/uploads\/2025\/06\/cropped-Design-sans-titre-21.png","width":500,"height":336,"caption":"syndicat aubrac du Cantal"},"image":{"@id":"https:\/\/syndicataubracducantal.fr\/#\/schema\/logo\/image\/"},"sameAs":["https:\/\/www.facebook.com\/p\/Syndicat-Aubrac-Cantalien-100072228158993\/"]}]}},"_links":{"self":[{"href":"https:\/\/syndicataubracducantal.fr\/index.php\/wp-json\/wp\/v2\/pages\/45","targetHints":{"allow":["GET"]}}],"collection":[{"href":"https:\/\/syndicataubracducantal.fr\/index.php\/wp-json\/wp\/v2\/pages"}],"about":[{"href":"https:\/\/syndicataubracducantal.fr\/index.php\/wp-json\/wp\/v2\/types\/page"}],"author":[{"embeddable":true,"href":"https:\/\/syndicataubracducantal.fr\/index.php\/wp-json\/wp\/v2\/users\/1"}],"replies":[{"embeddable":true,"href":"https:\/\/syndicataubracducantal.fr\/index.php\/wp-json\/wp\/v2\/comments?post=45"}],"version-history":[{"count":7,"href":"https:\/\/syndicataubracducantal.fr\/index.php\/wp-json\/wp\/v2\/pages\/45\/revisions"}],"predecessor-version":[{"id":90,"href":"https:\/\/syndicataubracducantal.fr\/index.php\/wp-json\/wp\/v2\/pages\/45\/revisions\/90"}],"wp:featuredmedia":[{"embeddable":true,"href":"https:\/\/syndicataubracducantal.fr\/index.php\/wp-json\/wp\/v2\/media\/95"}],"wp:attachment":[{"href":"https:\/\/syndicataubracducantal.fr\/index.php\/wp-json\/wp\/v2\/media?parent=45"}],"curies":[{"name":"wp","href":"https:\/\/api.w.org\/{rel}","templated":true}]}}