{"id":62,"date":"2025-06-09T10:04:05","date_gmt":"2025-06-09T08:04:05","guid":{"rendered":"https:\/\/syndicataubracducantal.fr\/?page_id=62"},"modified":"2025-06-24T09:37:35","modified_gmt":"2025-06-24T07:37:35","slug":"historique-du-syndicat-aubrac-cantalien","status":"publish","type":"page","link":"https:\/\/syndicataubracducantal.fr\/index.php\/historique-du-syndicat-aubrac-cantalien\/","title":{"rendered":"Historique du syndicat Aubrac Cantalien"},"content":{"rendered":"\t\t<div data-elementor-type=\"wp-page\" data-elementor-id=\"62\" class=\"elementor elementor-62\">\n\t\t\t\t<div class=\"elementor-element elementor-element-85080d4 e-flex e-con-boxed e-con e-parent\" data-id=\"85080d4\" data-element_type=\"container\">\n\t\t\t\t\t<div class=\"e-con-inner\">\n\t\t\t\t<div class=\"elementor-element elementor-element-664a28f elementor-widget elementor-widget-text-editor\" data-id=\"664a28f\" data-element_type=\"widget\" data-widget_type=\"text-editor.default\">\n\t\t\t\t<div class=\"elementor-widget-container\">\n\t\t\t\t\t\t\t\t\t<p>Le Syndicat Aubrac du Cantal a \u00e9t\u00e9 cr\u00e9\u00e9 en 1951 pour pr\u00e9server une race embl\u00e9matique du terroir, soutenir les \u00e9leveurs localement, et garantir la qualit\u00e9 g\u00e9n\u00e9tique et \u00e9conomique de l\u2019\u00e9levage Aubrac dans le d\u00e9partement.<\/p>\t\t\t\t\t\t\t\t<\/div>\n\t\t\t\t<\/div>\n\t\t\t\t\t<\/div>\n\t\t\t\t<\/div>\n\t\t<div class=\"elementor-element elementor-element-e85a4f5 e-grid e-con-boxed e-con e-parent\" data-id=\"e85a4f5\" data-element_type=\"container\">\n\t\t\t\t\t<div class=\"e-con-inner\">\n\t\t\t\t<div class=\"elementor-element elementor-element-b2b05c9 elementor-widget__width-initial elementor-absolute elementor-widget elementor-widget-heading\" data-id=\"b2b05c9\" data-element_type=\"widget\" data-settings=\"{&quot;_position&quot;:&quot;absolute&quot;}\" data-widget_type=\"heading.default\">\n\t\t\t\t<div class=\"elementor-widget-container\">\n\t\t\t\t\t<h2 class=\"elementor-heading-title elementor-size-default\">Les grandes dates du Syndicat Aubrac du Cantal <\/h2>\t\t\t\t<\/div>\n\t\t\t\t<\/div>\n\t\t\t\t<div class=\"elementor-element elementor-element-9ce9798 elementor-widget elementor-widget-text-editor\" data-id=\"9ce9798\" data-element_type=\"widget\" data-widget_type=\"text-editor.default\">\n\t\t\t\t<div class=\"elementor-widget-container\">\n\t\t\t\t\t\t\t\t\t<div dir=\"auto\">\u00a0<\/div><div dir=\"auto\">\u00a0<\/div><ul><li dir=\"auto\"><strong>1951<\/strong> : Cr\u00e9ation officieuse &#8216;un syndicat d\u00e9nomm\u00e9 Syndicat d&#8217;expansion de la race Aubrac Pr\u00e9sident: Raymond SAURET<\/li><li dir=\"auto\"><strong>1953<\/strong> : Cr\u00e9ation officielle avec d\u00e9p\u00f4t de statuts V membres &#8211; Pr\u00e9sident : Prosper THERON<\/li><li dir=\"auto\"><strong>1961<\/strong> : Syndicat d&#8217;expansion transform\u00e9 en Syndicat D\u00e9partemental de la race Aubrac<\/li><li dir=\"auto\"><strong>1963<\/strong> : D\u00e9c\u00e8s de Prosper THERON (56 ans) lors de Il&#8217;Assembl\u00e9e G\u00e9n\u00e9rale du \u2219 Herd book \u00e0 Laguiole\u00a0<\/li><li dir=\"auto\"><strong>1964<\/strong> : Pr\u00e9sident: J\u00e9r\u00f4me BOS<\/li><li dir=\"auto\"><strong>1989<\/strong> : Pr\u00e9sident :Jean LACROX\u00a0<\/li><li dir=\"auto\"><strong>1994<\/strong> : Pr\u00e9sident: Claude ROUCHES\u00a0<\/li><li dir=\"auto\"><strong>1999<\/strong> : Pr\u00e9sident: Michel BOS\u00a0<\/li><li dir=\"auto\"><strong>2011<\/strong> : Pr\u00e9sident : Christian BOS\u00a0<\/li><li dir=\"auto\"><strong>2014 \u00e0 ce jour<\/strong> :Pr\u00e9sident: Jean-Marie VIDALENC<\/li><\/ul>\t\t\t\t\t\t\t\t<\/div>\n\t\t\t\t<\/div>\n\t\t\t\t<div class=\"elementor-element elementor-element-3dff284 elementor-widget elementor-widget-image\" data-id=\"3dff284\" data-element_type=\"widget\" data-widget_type=\"image.default\">\n\t\t\t\t<div class=\"elementor-widget-container\">\n\t\t\t\t\t\t\t\t\t\t\t\t\t\t\t<img fetchpriority=\"high\" decoding=\"async\" width=\"950\" height=\"323\" src=\"https:\/\/syndicataubracducantal.fr\/wp-content\/uploads\/2025\/06\/Design-sans-titre-6-e1749458582672-1024x348.jpg\" class=\"attachment-large size-large wp-image-73\" alt=\"\" srcset=\"https:\/\/syndicataubracducantal.fr\/wp-content\/uploads\/2025\/06\/Design-sans-titre-6-e1749458582672-1024x348.jpg 1024w, https:\/\/syndicataubracducantal.fr\/wp-content\/uploads\/2025\/06\/Design-sans-titre-6-e1749458582672-300x102.jpg 300w, https:\/\/syndicataubracducantal.fr\/wp-content\/uploads\/2025\/06\/Design-sans-titre-6-e1749458582672-768x261.jpg 768w, https:\/\/syndicataubracducantal.fr\/wp-content\/uploads\/2025\/06\/Design-sans-titre-6-e1749458582672.jpg 1413w\" sizes=\"100vw\" \/>\t\t\t\t\t\t\t\t\t\t\t\t\t\t\t<\/div>\n\t\t\t\t<\/div>\n\t\t\t\t\t<\/div>\n\t\t\t\t<\/div>\n\t\t<div class=\"elementor-element elementor-element-90a53d2 e-flex e-con-boxed e-con e-parent\" data-id=\"90a53d2\" data-element_type=\"container\">\n\t\t\t\t\t<div class=\"e-con-inner\">\n\t\t\t\t<div class=\"elementor-element elementor-element-d9204db elementor-widget elementor-widget-text-editor\" data-id=\"d9204db\" data-element_type=\"widget\" data-widget_type=\"text-editor.default\">\n\t\t\t\t<div class=\"elementor-widget-container\">\n\t\t\t\t\t\t\t\t\t<p><strong><em>Une histoire au service de la race Aubrac<\/em><\/strong><\/p>\t\t\t\t\t\t\t\t<\/div>\n\t\t\t\t<\/div>\n\t\t\t\t\t<\/div>\n\t\t\t\t<\/div>\n\t\t\t\t<\/div>\n\t\t","protected":false},"excerpt":{"rendered":"<p>Le Syndicat Aubrac du Cantal a \u00e9t\u00e9 cr\u00e9\u00e9 en 1951 pour pr\u00e9server une race embl\u00e9matique du terroir, soutenir les \u00e9leveurs localement, et garantir la qualit\u00e9 g\u00e9n\u00e9tique et \u00e9conomique de l\u2019\u00e9levage Aubrac dans le d\u00e9partement. Les grandes dates du Syndicat Aubrac du Cantal \u00a0\u00a0 1951 : Cr\u00e9ation officieuse &#8216;un syndicat d\u00e9nomm\u00e9 Syndicat d&#8217;expansion de la race &hellip; <\/p>\n<p class=\"link-more\"><a href=\"https:\/\/syndicataubracducantal.fr\/index.php\/historique-du-syndicat-aubrac-cantalien\/\" class=\"more-link\">Lire la suite de<span class=\"screen-reader-text\">\u00ab\u00a0Historique du syndicat Aubrac Cantalien\u00a0\u00bb<\/span><\/a><\/p>\n","protected":false},"author":1,"featured_media":291,"parent":0,"menu_order":0,"comment_status":"closed","ping_status":"closed","template":"","meta":{"footnotes":""},"class_list":["post-62","page","type-page","status-publish","has-post-thumbnail","hentry"],"yoast_head":"<!-- This site is optimized with the Yoast SEO plugin v25.7 - https:\/\/yoast.com\/wordpress\/plugins\/seo\/ -->\n<title>Historique du syndicat Aubrac Cantalien -<\/title>\n<meta name=\"robots\" content=\"noindex, follow, max-snippet:-1, max-image-preview:large, max-video-preview:-1\" \/>\n<meta property=\"og:locale\" content=\"fr_FR\" \/>\n<meta property=\"og:type\" content=\"article\" \/>\n<meta property=\"og:title\" content=\"Historique du syndicat Aubrac Cantalien -\" \/>\n<meta property=\"og:description\" content=\"Le Syndicat Aubrac du Cantal a \u00e9t\u00e9 cr\u00e9\u00e9 en 1951 pour pr\u00e9server une race embl\u00e9matique du terroir, soutenir les \u00e9leveurs localement, et garantir la qualit\u00e9 g\u00e9n\u00e9tique et \u00e9conomique de l\u2019\u00e9levage Aubrac dans le d\u00e9partement. Les grandes dates du Syndicat Aubrac du Cantal \u00a0\u00a0 1951 : Cr\u00e9ation officieuse &#8216;un syndicat d\u00e9nomm\u00e9 Syndicat d&#8217;expansion de la race &hellip; Lire la suite de\u00ab\u00a0Historique du syndicat Aubrac Cantalien\u00a0\u00bb\" \/>\n<meta property=\"og:url\" content=\"https:\/\/syndicataubracducantal.fr\/index.php\/historique-du-syndicat-aubrac-cantalien\/\" \/>\n<meta property=\"article:publisher\" content=\"https:\/\/www.facebook.com\/p\/Syndicat-Aubrac-Cantalien-100072228158993\/\" \/>\n<meta property=\"article:modified_time\" content=\"2025-06-24T07:37:35+00:00\" \/>\n<meta property=\"og:image\" content=\"https:\/\/syndicataubracducantal.fr\/wp-content\/uploads\/2025\/06\/G24_0147W.jpg\" \/>\n\t<meta property=\"og:image:width\" content=\"2100\" \/>\n\t<meta property=\"og:image:height\" content=\"1400\" \/>\n\t<meta property=\"og:image:type\" content=\"image\/jpeg\" \/>\n<meta name=\"twitter:card\" content=\"summary_large_image\" \/>\n<meta name=\"twitter:label1\" content=\"Dur\u00e9e de lecture estim\u00e9e\" \/>\n\t<meta name=\"twitter:data1\" content=\"1 minute\" \/>\n<script type=\"application\/ld+json\" class=\"yoast-schema-graph\">{\"@context\":\"https:\/\/schema.org\",\"@graph\":[{\"@type\":\"WebPage\",\"@id\":\"https:\/\/syndicataubracducantal.fr\/index.php\/historique-du-syndicat-aubrac-cantalien\/\",\"url\":\"https:\/\/syndicataubracducantal.fr\/index.php\/historique-du-syndicat-aubrac-cantalien\/\",\"name\":\"Historique du syndicat Aubrac Cantalien -\",\"isPartOf\":{\"@id\":\"https:\/\/syndicataubracducantal.fr\/#website\"},\"primaryImageOfPage\":{\"@id\":\"https:\/\/syndicataubracducantal.fr\/index.php\/historique-du-syndicat-aubrac-cantalien\/#primaryimage\"},\"image\":{\"@id\":\"https:\/\/syndicataubracducantal.fr\/index.php\/historique-du-syndicat-aubrac-cantalien\/#primaryimage\"},\"thumbnailUrl\":\"https:\/\/syndicataubracducantal.fr\/wp-content\/uploads\/2025\/06\/G24_0147W.jpg\",\"datePublished\":\"2025-06-09T08:04:05+00:00\",\"dateModified\":\"2025-06-24T07:37:35+00:00\",\"breadcrumb\":{\"@id\":\"https:\/\/syndicataubracducantal.fr\/index.php\/historique-du-syndicat-aubrac-cantalien\/#breadcrumb\"},\"inLanguage\":\"fr-FR\",\"potentialAction\":[{\"@type\":\"ReadAction\",\"target\":[\"https:\/\/syndicataubracducantal.fr\/index.php\/historique-du-syndicat-aubrac-cantalien\/\"]}]},{\"@type\":\"ImageObject\",\"inLanguage\":\"fr-FR\",\"@id\":\"https:\/\/syndicataubracducantal.fr\/index.php\/historique-du-syndicat-aubrac-cantalien\/#primaryimage\",\"url\":\"https:\/\/syndicataubracducantal.fr\/wp-content\/uploads\/2025\/06\/G24_0147W.jpg\",\"contentUrl\":\"https:\/\/syndicataubracducantal.fr\/wp-content\/uploads\/2025\/06\/G24_0147W.jpg\",\"width\":2100,\"height\":1400},{\"@type\":\"BreadcrumbList\",\"@id\":\"https:\/\/syndicataubracducantal.fr\/index.php\/historique-du-syndicat-aubrac-cantalien\/#breadcrumb\",\"itemListElement\":[{\"@type\":\"ListItem\",\"position\":1,\"name\":\"Accueil\",\"item\":\"https:\/\/syndicataubracducantal.fr\/\"},{\"@type\":\"ListItem\",\"position\":2,\"name\":\"Historique du syndicat Aubrac Cantalien\"}]},{\"@type\":\"WebSite\",\"@id\":\"https:\/\/syndicataubracducantal.fr\/#website\",\"url\":\"https:\/\/syndicataubracducantal.fr\/\",\"name\":\"syndicat aubrac du cantal\",\"description\":\"syndicat Aubrac du Cantal\",\"publisher\":{\"@id\":\"https:\/\/syndicataubracducantal.fr\/#organization\"},\"alternateName\":\"syndicat des \u00e9leveurs Aubrac Cantalien\",\"potentialAction\":[{\"@type\":\"SearchAction\",\"target\":{\"@type\":\"EntryPoint\",\"urlTemplate\":\"https:\/\/syndicataubracducantal.fr\/?s={search_term_string}\"},\"query-input\":{\"@type\":\"PropertyValueSpecification\",\"valueRequired\":true,\"valueName\":\"search_term_string\"}}],\"inLanguage\":\"fr-FR\"},{\"@type\":\"Organization\",\"@id\":\"https:\/\/syndicataubracducantal.fr\/#organization\",\"name\":\"syndicat aubrac du Cantal\",\"alternateName\":\"syndicat des \u00e9leveurs Aubrac Cantalien\",\"url\":\"https:\/\/syndicataubracducantal.fr\/\",\"logo\":{\"@type\":\"ImageObject\",\"inLanguage\":\"fr-FR\",\"@id\":\"https:\/\/syndicataubracducantal.fr\/#\/schema\/logo\/image\/\",\"url\":\"https:\/\/syndicataubracducantal.fr\/wp-content\/uploads\/2025\/06\/cropped-Design-sans-titre-21.png\",\"contentUrl\":\"https:\/\/syndicataubracducantal.fr\/wp-content\/uploads\/2025\/06\/cropped-Design-sans-titre-21.png\",\"width\":500,\"height\":336,\"caption\":\"syndicat aubrac du Cantal\"},\"image\":{\"@id\":\"https:\/\/syndicataubracducantal.fr\/#\/schema\/logo\/image\/\"},\"sameAs\":[\"https:\/\/www.facebook.com\/p\/Syndicat-Aubrac-Cantalien-100072228158993\/\"]}]}<\/script>\n<!-- \/ Yoast SEO plugin. -->","yoast_head_json":{"title":"Historique du syndicat Aubrac Cantalien -","robots":{"index":"noindex","follow":"follow","max-snippet":"max-snippet:-1","max-image-preview":"max-image-preview:large","max-video-preview":"max-video-preview:-1"},"og_locale":"fr_FR","og_type":"article","og_title":"Historique du syndicat Aubrac Cantalien -","og_description":"Le Syndicat Aubrac du Cantal a \u00e9t\u00e9 cr\u00e9\u00e9 en 1951 pour pr\u00e9server une race embl\u00e9matique du terroir, soutenir les \u00e9leveurs localement, et garantir la qualit\u00e9 g\u00e9n\u00e9tique et \u00e9conomique de l\u2019\u00e9levage Aubrac dans le d\u00e9partement. Les grandes dates du Syndicat Aubrac du Cantal \u00a0\u00a0 1951 : Cr\u00e9ation officieuse &#8216;un syndicat d\u00e9nomm\u00e9 Syndicat d&#8217;expansion de la race &hellip; Lire la suite de\u00ab\u00a0Historique du syndicat Aubrac Cantalien\u00a0\u00bb","og_url":"https:\/\/syndicataubracducantal.fr\/index.php\/historique-du-syndicat-aubrac-cantalien\/","article_publisher":"https:\/\/www.facebook.com\/p\/Syndicat-Aubrac-Cantalien-100072228158993\/","article_modified_time":"2025-06-24T07:37:35+00:00","og_image":[{"width":2100,"height":1400,"url":"https:\/\/syndicataubracducantal.fr\/wp-content\/uploads\/2025\/06\/G24_0147W.jpg","type":"image\/jpeg"}],"twitter_card":"summary_large_image","twitter_misc":{"Dur\u00e9e de lecture estim\u00e9e":"1 minute"},"schema":{"@context":"https:\/\/schema.org","@graph":[{"@type":"WebPage","@id":"https:\/\/syndicataubracducantal.fr\/index.php\/historique-du-syndicat-aubrac-cantalien\/","url":"https:\/\/syndicataubracducantal.fr\/index.php\/historique-du-syndicat-aubrac-cantalien\/","name":"Historique du syndicat Aubrac Cantalien -","isPartOf":{"@id":"https:\/\/syndicataubracducantal.fr\/#website"},"primaryImageOfPage":{"@id":"https:\/\/syndicataubracducantal.fr\/index.php\/historique-du-syndicat-aubrac-cantalien\/#primaryimage"},"image":{"@id":"https:\/\/syndicataubracducantal.fr\/index.php\/historique-du-syndicat-aubrac-cantalien\/#primaryimage"},"thumbnailUrl":"https:\/\/syndicataubracducantal.fr\/wp-content\/uploads\/2025\/06\/G24_0147W.jpg","datePublished":"2025-06-09T08:04:05+00:00","dateModified":"2025-06-24T07:37:35+00:00","breadcrumb":{"@id":"https:\/\/syndicataubracducantal.fr\/index.php\/historique-du-syndicat-aubrac-cantalien\/#breadcrumb"},"inLanguage":"fr-FR","potentialAction":[{"@type":"ReadAction","target":["https:\/\/syndicataubracducantal.fr\/index.php\/historique-du-syndicat-aubrac-cantalien\/"]}]},{"@type":"ImageObject","inLanguage":"fr-FR","@id":"https:\/\/syndicataubracducantal.fr\/index.php\/historique-du-syndicat-aubrac-cantalien\/#primaryimage","url":"https:\/\/syndicataubracducantal.fr\/wp-content\/uploads\/2025\/06\/G24_0147W.jpg","contentUrl":"https:\/\/syndicataubracducantal.fr\/wp-content\/uploads\/2025\/06\/G24_0147W.jpg","width":2100,"height":1400},{"@type":"BreadcrumbList","@id":"https:\/\/syndicataubracducantal.fr\/index.php\/historique-du-syndicat-aubrac-cantalien\/#breadcrumb","itemListElement":[{"@type":"ListItem","position":1,"name":"Accueil","item":"https:\/\/syndicataubracducantal.fr\/"},{"@type":"ListItem","position":2,"name":"Historique du syndicat Aubrac Cantalien"}]},{"@type":"WebSite","@id":"https:\/\/syndicataubracducantal.fr\/#website","url":"https:\/\/syndicataubracducantal.fr\/","name":"syndicat aubrac du cantal","description":"syndicat Aubrac du Cantal","publisher":{"@id":"https:\/\/syndicataubracducantal.fr\/#organization"},"alternateName":"syndicat des \u00e9leveurs Aubrac Cantalien","potentialAction":[{"@type":"SearchAction","target":{"@type":"EntryPoint","urlTemplate":"https:\/\/syndicataubracducantal.fr\/?s={search_term_string}"},"query-input":{"@type":"PropertyValueSpecification","valueRequired":true,"valueName":"search_term_string"}}],"inLanguage":"fr-FR"},{"@type":"Organization","@id":"https:\/\/syndicataubracducantal.fr\/#organization","name":"syndicat aubrac du Cantal","alternateName":"syndicat des \u00e9leveurs Aubrac Cantalien","url":"https:\/\/syndicataubracducantal.fr\/","logo":{"@type":"ImageObject","inLanguage":"fr-FR","@id":"https:\/\/syndicataubracducantal.fr\/#\/schema\/logo\/image\/","url":"https:\/\/syndicataubracducantal.fr\/wp-content\/uploads\/2025\/06\/cropped-Design-sans-titre-21.png","contentUrl":"https:\/\/syndicataubracducantal.fr\/wp-content\/uploads\/2025\/06\/cropped-Design-sans-titre-21.png","width":500,"height":336,"caption":"syndicat aubrac du Cantal"},"image":{"@id":"https:\/\/syndicataubracducantal.fr\/#\/schema\/logo\/image\/"},"sameAs":["https:\/\/www.facebook.com\/p\/Syndicat-Aubrac-Cantalien-100072228158993\/"]}]}},"_links":{"self":[{"href":"https:\/\/syndicataubracducantal.fr\/index.php\/wp-json\/wp\/v2\/pages\/62","targetHints":{"allow":["GET"]}}],"collection":[{"href":"https:\/\/syndicataubracducantal.fr\/index.php\/wp-json\/wp\/v2\/pages"}],"about":[{"href":"https:\/\/syndicataubracducantal.fr\/index.php\/wp-json\/wp\/v2\/types\/page"}],"author":[{"embeddable":true,"href":"https:\/\/syndicataubracducantal.fr\/index.php\/wp-json\/wp\/v2\/users\/1"}],"replies":[{"embeddable":true,"href":"https:\/\/syndicataubracducantal.fr\/index.php\/wp-json\/wp\/v2\/comments?post=62"}],"version-history":[{"count":13,"href":"https:\/\/syndicataubracducantal.fr\/index.php\/wp-json\/wp\/v2\/pages\/62\/revisions"}],"predecessor-version":[{"id":110,"href":"https:\/\/syndicataubracducantal.fr\/index.php\/wp-json\/wp\/v2\/pages\/62\/revisions\/110"}],"wp:featuredmedia":[{"embeddable":true,"href":"https:\/\/syndicataubracducantal.fr\/index.php\/wp-json\/wp\/v2\/media\/291"}],"wp:attachment":[{"href":"https:\/\/syndicataubracducantal.fr\/index.php\/wp-json\/wp\/v2\/media?parent=62"}],"curies":[{"name":"wp","href":"https:\/\/api.w.org\/{rel}","templated":true}]}}